{"id":2,"date":"2017-08-25T18:12:19","date_gmt":"2017-08-25T16:12:19","guid":{"rendered":"http:\/\/thanhlongtruongson.com\/?page_id=2"},"modified":"2024-08-11T08:04:41","modified_gmt":"2024-08-11T06:04:41","slug":"origines","status":"publish","type":"page","link":"https:\/\/thanhlongtruongson.com\/fr\/origines","title":{"rendered":"Les Origines"},"content":{"rendered":"<div class=\"container-md\">\n<h2>Viet Vo Dao<\/h2>\n<figure id=\"attachment_1035\" class=\"thumbnail wp-caption aligncenter\" style=\"width: 274px\"><img fetchpriority=\"high\" decoding=\"async\" class=\"wp-image-1035 size-full\" src=\"https:\/\/thanhlongtruongson.com\/wp-content\/uploads\/2018\/03\/nguyendanphu.jpg\" alt=\"\" width=\"274\" height=\"393\" srcset=\"https:\/\/thanhlongtruongson.com\/wp-content\/uploads\/2018\/03\/nguyendanphu.jpg 274w, https:\/\/thanhlongtruongson.com\/wp-content\/uploads\/2018\/03\/nguyendanphu-209x300.jpg 209w\" sizes=\"(max-width: 274px) 100vw, 274px\" \/><figcaption class=\"caption wp-caption-text\">Ma\u00eetre Nguyen Dan Phu<\/figcaption><\/figure>\n<\/div>\n<div><\/div>\n<div class=\"container-md\">\n<p>Litt\u00e9ralement la voie (Dao) de l\u2019art martial (Vo) vietnamien (Viet).Il d\u00e9signe de fa\u00e7on g\u00e9n\u00e9rique au Vietnam l\u2019art martial traditionnel, tout comme le terme Kung fu en Chine veut dire \u201cart martial\u201d.<\/p>\n<p>Ses origines remontent \u00e0 environ cinq mill\u00e9naires pour les premi\u00e8res traces \u00e9crites (des gravures dans des grottes et premiers objets, armes, retrouv\u00e9s province de Thanh H\u00f3a au nord Vietnam). A l\u2019\u00e9poque on ne diff\u00e9rencie pas l\u2019art martial de l\u2019art de la guerre et c\u2019est plus tard que les premi\u00e8res \u00e9coles et courants se codifient dans toute l\u2019Asie il y a environ trois mille ans.<\/p>\n<p>En France, c\u2019est Lao Su Nguyen Dan Phu, fondateur du Thanh Long, qui importera en premier le Viet Vo Dao. En 1973 il sera co-fondateur et patriarche de la premi\u00e8re f\u00e9d\u00e9ration fran\u00e7aise de Viet Vo Dao. 10\u00e8me Dang il sera le Ma\u00eetre le plus grad\u00e9 d\u2019Europe.<\/p>\n<p>&nbsp;<\/p>\n<hr \/>\n<h2>Thanh Long<\/h2>\n<script type=\"text\/javascript\">\r\ndocument.addEventListener(\"DOMContentLoaded\", function(event) { \r\n\tjQuery( '#slider-pro-3-1213' ).sliderPro({\r\n\t\t\/\/width\r\n\t\t\t\twidth: 600,\r\n\t\t\t\t\r\n\t\t\/\/height\r\n\t\t\t\tautoHeight: true,\r\n\t\t\t\t\r\n\t\t\/\/auto play\r\n\t\t\t\t\t\t\t\tautoplay:  false,\r\n\t\t\t\tautoplayDelay: 5000,\r\n\t\t\r\n\t\t\r\n\t\tarrows: true,\r\n\t\tbuttons: true,\r\n\t\tsmallSize: 500,\r\n\t\tmediumSize: 1000,\r\n\t\tlargeSize: 3000,\r\n\t\tfade: false,\r\n\t\t\r\n\t\t\/\/thumbnail\r\n\t\tthumbnailArrows: true,\r\n\t\tthumbnailWidth: 120,\r\n\t\tthumbnailHeight: 120,\r\n\t\t\t\t\t\tthumbnailsPosition: 'bottom',\r\n\t\t\t\t\t\tcenterImage: true,\r\n\t\timageScaleMode: 'cover',\r\n\t\tallowScaleUp: true,\r\n\t\t\t\tstartSlide: 0,\r\n\t\tloop: true,\r\n\t\tslideDistance: 5,\r\n\t\tautoplayDirection: 'normal',\r\n\t\ttouchSwipe: true,\r\n\t\tfullScreen: true,\r\n\t});\r\n});\r\n<\/script>\r\n\r\n\t\t<div id=\"slider-pro-3-1213\" class=\"slider-pro\">\r\n\t\t\t<!---- slides div start ---->\r\n\t\t\t<div class=\"sp-slides\">\r\n\t\t\t\t\t\t\t\t\t\t<div class=\"sp-slide\">\r\n\t\t\t\t\t\t\t<img decoding=\"async\" class=\"sp-image\" loading=\"lazy\" alt=\"\" src=\"https:\/\/thanhlongtruongson.com\/wp-content\/plugins\/ultimate-responsive-image-slider\/assets\/css\/images\/blank.gif\" data-src=\"https:\/\/thanhlongtruongson.com\/wp-content\/uploads\/2018\/03\/nguyen-family.jpg\" \/>\r\n\r\n\t\t\t\t\t\t\t\r\n\t\t\t\t\t\t\t\t\t\t\t\t\t<\/div>\r\n\t\t\t\t\t\t\t\t\t\t\t\t<div class=\"sp-slide\">\r\n\t\t\t\t\t\t\t<img decoding=\"async\" class=\"sp-image\" loading=\"lazy\" alt=\"\" src=\"https:\/\/thanhlongtruongson.com\/wp-content\/plugins\/ultimate-responsive-image-slider\/assets\/css\/images\/blank.gif\" data-src=\"https:\/\/thanhlongtruongson.com\/wp-content\/uploads\/2018\/05\/cuulong-organigramme.jpg\" \/>\r\n\r\n\t\t\t\t\t\t\t\r\n\t\t\t\t\t\t\t\t\t\t\t\t\t<\/div>\r\n\t\t\t\t\t\t\t\t\t<\/div>\r\n\t\t\t\r\n\t\t\t<!---- slides div end ---->\r\n\t\t\t\t\t\t<!-- slides thumbnails div end -->\r\n\t\t<\/div>\r\n\t\t<style>\r\n\/* Layout 3 *\/\r\n\/* border *\/\r\n#slider-pro-3-1213 .sp-selected-thumbnail {\r\n\tborder: 4px solid #000000;\r\n}\r\n\r\n\/* font + color *\/\r\n.title-in  {\r\n\tfont-family: Arial !important;\r\n\tcolor: #000000 !important;\r\n\tbackground-color: #FFFFFF !important;\r\n\topacity: 0.7 !important;\r\n}\r\n.desc-in  {\r\n\tfont-family: Arial !important;\r\n\tcolor: #FFFFFF !important;\r\n\tbackground-color: #000000 !important;\r\n\topacity: 0.7 !important;\r\n}\r\n\r\n\/* bullets color *\/\r\n.sp-button  {\r\n\tborder: 2px solid #000000 !important;\r\n}\r\n.sp-selected-button  {\r\n\tbackground-color: #000000 !important;\r\n}\r\n\r\n\/* pointer color - bottom *\/\r\n.sp-selected-thumbnail::before {\r\n\tborder-bottom: 5px solid #000000 !important;\r\n}\r\n.sp-selected-thumbnail::after {\r\n\tborder-bottom: 13px solid #000000 !important;\r\n}\r\n\r\n\/* pointer color - top *\/\r\n\r\n\/* full screen icon *\/\r\n.sp-full-screen-button::before {\r\n    color: #000000 !important;\r\n}\r\n\r\n\/* hover navigation icon color *\/\r\n.sp-next-arrow::after, .sp-next-arrow::before {\r\n\tbackground-color: #000000 !important;\r\n}\r\n.sp-previous-arrow::after, .sp-previous-arrow::before {\r\n\tbackground-color: #000000 !important;\r\n}\r\n\r\n#slider-pro-3-1213 .title-in {\r\n\tcolor: #000000 !important;\r\n\tfont-weight: bolder;\r\n\ttext-align: center;\r\n}\r\n\r\n#slider-pro-3-1213 .title-in-bg {\r\n\tbackground: rgba(255, 255, 255, 0.7); !important;\r\n\twhite-space: unset !important;\r\n\ttransform: initial !important;\r\n\t-webkit-transform: initial !important;\r\n\tfont-size: 14px !important;\r\n}\r\n\r\n#slider-pro-3-1213 .desc-in {\r\n\tcolor: #FFFFFF !important;\r\n\ttext-align: center;\r\n}\r\n#slider-pro-3-1213 .desc-in-bg {\r\n\tbackground: rgba(#000000, 0.7) !important;\r\n\twhite-space: unset !important;\r\n\ttransform: initial !important;\r\n\t-webkit-transform: initial !important;\r\n\tfont-size: 13px !important;\r\n}\r\n\r\n@media (max-width: 640px) {\r\n\t#slider-pro-3-1213 .hide-small-screen {\r\n\t\tdisplay: none;\r\n\t}\r\n}\r\n\r\n@media (max-width: 860px) {\r\n\t#slider-pro-3-1213 .sp-layer {\r\n\t\tfont-size: 18px;\r\n\t}\r\n\t\r\n\t#slider-pro-3-1213 .hide-medium-screen {\r\n\t\tdisplay: none;\r\n\t}\r\n}\r\n.slides-not-found {\r\n\tbackground-color: #a92929;\r\n\tborder-radius: 5px;\r\n\tcolor: #fff;\r\n\tfont-family: initial;\r\n\ttext-align: center;\r\n\tpadding:12px;\r\n}\r\n\/* Custom CSS *\/\r\n<\/style>\r\n\n<p>&nbsp;<\/p>\n<p>Cr\u00e9\u00e9 par Ma\u00eetre Phu, le Thanh Long se traduit litt\u00e9ralement par \u201cdragon vert\u201d. Cet animal mythique, souple et puissant mais dont la qualit\u00e9 premi\u00e8re est la bont\u00e9, est le symbole de notre style.<\/p>\n<p>De son vivant, dans le but de p\u00e9renniser son art, Ma\u00eetre Phu fonde huit grandes \u00e9coles, nommant chacun de ses huit fils et disciples directs \u00e0 la t\u00eate de chacune. Une st\u00e8le \u00e0 Da Nguu, son village natal t\u00e9moigne de cette d\u00e9cision.<\/p>\n<p>&nbsp;<\/p>\n<hr \/>\n<h2>L&rsquo;\u00e9cole Truong Son<\/h2>\n<figure id=\"attachment_586\" class=\"thumbnail wp-caption aligncenter\" style=\"width: 240px\"><img decoding=\"async\" class=\"wp-image-586 size-full\" src=\"https:\/\/thanhlongtruongson.com\/wp-content\/uploads\/2017\/10\/m1.jpg\" alt=\"\" width=\"240\" height=\"354\" srcset=\"https:\/\/thanhlongtruongson.com\/wp-content\/uploads\/2017\/10\/m1.jpg 240w, https:\/\/thanhlongtruongson.com\/wp-content\/uploads\/2017\/10\/m1-203x300.jpg 203w\" sizes=\"(max-width: 240px) 100vw, 240px\" \/><figcaption class=\"caption wp-caption-text\">Ma\u00eetre Dan Viet G\u00e9rard<\/figcaption><\/figure>\n<p>&nbsp;<\/p>\n<p>L\u2019\u00e9cole de Ma\u00eetre Nguyen Dan Viet G\u00e9rard est celle du \u201cclan des mille montagnes\u201d ou de \u201cla grande cha\u00eene de montagnes\u201d. Fort de son exp\u00e9rience de m\u00e9decin et d&rsquo;acupuncteur, Ma\u00eetre G\u00e9rard (ou Lao Su Dan Viet) va enrichir son \u00e9cole de nombreuses techniques internes. Le style Truong Son se compose du <a href=\"https:\/\/thanhlongtruongson.com\/en\/les-styles\/style-externe\" target=\"_blank\" rel=\"noopener\">Vo, le style externe<\/a> et du <a href=\"https:\/\/thanhlongtruongson.com\/les-styles\/style-interne\">Khi Dao, le style interne<\/a>.<\/p>\n<\/div>","protected":false},"excerpt":{"rendered":"<p>Viet Vo Dao Litt\u00e9ralement la voie (Dao) de l\u2019art martial (Vo) vietnamien (Viet).Il d\u00e9signe de fa\u00e7on g\u00e9n\u00e9rique au Vietnam l\u2019art martial traditionnel, tout comme le terme Kung fu en Chine veut dire \u201cart martial\u201d. Ses origines remontent \u00e0 environ cinq &hellip; <a href=\"https:\/\/thanhlongtruongson.com\/fr\/?p=1213\">Lire la suite\u00ad\u00ad<\/a><\/p>\n","protected":false},"author":1,"featured_media":1782,"parent":0,"menu_order":1,"comment_status":"closed","ping_status":"closed","template":"page-feature.php","meta":{"_monsterinsights_skip_tracking":false,"_monsterinsights_sitenote_active":false,"_monsterinsights_sitenote_note":"","_monsterinsights_sitenote_category":0,"footnotes":""},"class_list":["post-2","page","type-page","status-publish","has-post-thumbnail","hentry"],"_links":{"self":[{"href":"https:\/\/thanhlongtruongson.com\/fr\/wp-json\/wp\/v2\/pages\/2","targetHints":{"allow":["GET"]}}],"collection":[{"href":"https:\/\/thanhlongtruongson.com\/fr\/wp-json\/wp\/v2\/pages"}],"about":[{"href":"https:\/\/thanhlongtruongson.com\/fr\/wp-json\/wp\/v2\/types\/page"}],"author":[{"embeddable":true,"href":"https:\/\/thanhlongtruongson.com\/fr\/wp-json\/wp\/v2\/users\/1"}],"replies":[{"embeddable":true,"href":"https:\/\/thanhlongtruongson.com\/fr\/wp-json\/wp\/v2\/comments?post=2"}],"version-history":[{"count":54,"href":"https:\/\/thanhlongtruongson.com\/fr\/wp-json\/wp\/v2\/pages\/2\/revisions"}],"predecessor-version":[{"id":1793,"href":"https:\/\/thanhlongtruongson.com\/fr\/wp-json\/wp\/v2\/pages\/2\/revisions\/1793"}],"wp:featuredmedia":[{"embeddable":true,"href":"https:\/\/thanhlongtruongson.com\/fr\/wp-json\/wp\/v2\/media\/1782"}],"wp:attachment":[{"href":"https:\/\/thanhlongtruongson.com\/fr\/wp-json\/wp\/v2\/media?parent=2"}],"curies":[{"name":"wp","href":"https:\/\/api.w.org\/{rel}","templated":true}]}}