{"id":397,"date":"2017-09-06T13:45:55","date_gmt":"2017-09-06T11:45:55","guid":{"rendered":"https:\/\/thanhlongtruongson.com\/?page_id=397"},"modified":"2025-11-13T09:45:06","modified_gmt":"2025-11-13T08:45:06","slug":"stages","status":"publish","type":"page","link":"https:\/\/thanhlongtruongson.com\/fr\/stages","title":{"rendered":"Stages"},"content":{"rendered":"<div class=\"container-md\">\n<p>Au del\u00e0 de la pratique r\u00e9guli\u00e8re dans un club, vous pouvez participer aux stages organis\u00e9s les weekends ou bien pendant une semaine compl\u00e8te l&rsquo;\u00e9t\u00e9. Ces stages permettent de s&rsquo;entra\u00eener plusieurs heures par jour sous la tutelle de Ma\u00eetre G\u00e9rard. Certains stages sont ouverts \u00e0 tous les pratiquants tandis que d&rsquo;autres sont r\u00e9serv\u00e9s aux pratiquants ayant un certain niveau (ceinture noire, ceinture verte) ou se concentrent sur des pratiques diff\u00e9rentes: Khi Dao, entra\u00eenements avec armes, etc.<\/p>\n<p>Contactez votre professeur ou le responsable de votre club pour vous inscrire \u00e0 un stage.<\/p>\n<p>&nbsp;<\/p>\n<p style=\"text-align: center;\">Liste des prochains rassemblements de l&rsquo;\u00e9cole:<\/p>\n<p style=\"text-align: center;\"><a href=\"https:\/\/thanhlongtruongson.com\/wp-content\/uploads\/2025\/11\/calendrier_12novembre2025.pdf\" target=\"_blank\" rel=\"noopener\">VOIR LE CALENDRIER DE LA SAISON 2025-2026 (PDF)<\/a><\/p>\n<p>&nbsp;<\/p>\n<\/div>","protected":false},"excerpt":{"rendered":"<p>Au del\u00e0 de la pratique r\u00e9guli\u00e8re dans un club, vous pouvez participer aux stages organis\u00e9s les weekends ou bien pendant une semaine compl\u00e8te l&rsquo;\u00e9t\u00e9. Ces stages permettent de s&rsquo;entra\u00eener plusieurs heures par jour sous la tutelle de Ma\u00eetre G\u00e9rard. Certains &hellip; <a href=\"https:\/\/thanhlongtruongson.com\/fr\/stages\">Lire la suite\u00ad\u00ad<\/a><\/p>\n","protected":false},"author":1,"featured_media":1512,"parent":0,"menu_order":4,"comment_status":"closed","ping_status":"closed","template":"page-feature.php","meta":{"_monsterinsights_skip_tracking":false,"_monsterinsights_sitenote_active":false,"_monsterinsights_sitenote_note":"","_monsterinsights_sitenote_category":0,"footnotes":""},"class_list":["post-397","page","type-page","status-publish","has-post-thumbnail","hentry"],"_links":{"self":[{"href":"https:\/\/thanhlongtruongson.com\/fr\/wp-json\/wp\/v2\/pages\/397","targetHints":{"allow":["GET"]}}],"collection":[{"href":"https:\/\/thanhlongtruongson.com\/fr\/wp-json\/wp\/v2\/pages"}],"about":[{"href":"https:\/\/thanhlongtruongson.com\/fr\/wp-json\/wp\/v2\/types\/page"}],"author":[{"embeddable":true,"href":"https:\/\/thanhlongtruongson.com\/fr\/wp-json\/wp\/v2\/users\/1"}],"replies":[{"embeddable":true,"href":"https:\/\/thanhlongtruongson.com\/fr\/wp-json\/wp\/v2\/comments?post=397"}],"version-history":[{"count":64,"href":"https:\/\/thanhlongtruongson.com\/fr\/wp-json\/wp\/v2\/pages\/397\/revisions"}],"predecessor-version":[{"id":1828,"href":"https:\/\/thanhlongtruongson.com\/fr\/wp-json\/wp\/v2\/pages\/397\/revisions\/1828"}],"wp:featuredmedia":[{"embeddable":true,"href":"https:\/\/thanhlongtruongson.com\/fr\/wp-json\/wp\/v2\/media\/1512"}],"wp:attachment":[{"href":"https:\/\/thanhlongtruongson.com\/fr\/wp-json\/wp\/v2\/media?parent=397"}],"curies":[{"name":"wp","href":"https:\/\/api.w.org\/{rel}","templated":true}]}}