{"id":403,"date":"2018-08-03T13:46:56","date_gmt":"2018-08-03T11:46:56","guid":{"rendered":"https:\/\/thanhlongtruongson.com\/?page_id=403"},"modified":"2024-08-11T08:20:55","modified_gmt":"2024-08-11T06:20:55","slug":"mot-du-maitre","status":"publish","type":"page","link":"https:\/\/thanhlongtruongson.com\/fr\/blog\/mot-du-maitre","title":{"rendered":"Le mot du Ma\u00eetre"},"content":{"rendered":"<div class=\"container-md\">\n<h2>Le mot du Ma\u00eetre<\/h2>\n<p><strong>03\/08\/2018<\/strong><\/p>\n<p>&nbsp;<\/p>\n<p><em>Bien chers tous,<\/em><\/p>\n<p><em>Avec un site rajeuni, notre \u00e9cole, votre \u00e9cole, fait peau neuve et se rend plus visible : une navigation plus fluide facilite d\u00e9sormais l\u2019acc\u00e8s \u00e0 l\u2019ensemble de ses activit\u00e9s, dont certaines sont \u00e0 pr\u00e9sent consultables par vid\u00e9os en ligne.<\/em><\/p>\n<p><em>L\u2019\u00e9cole Thanh Long Truong Son<\/em><em> que je dirige entend am\u00e9liorer ainsi la communication sur ses nombreuses activit\u00e9s au profit de tous.<\/em><\/p>\n<p><em>Un grand merci \u00e0 l\u2019\u00e9quipe du Web, Raymond, Pierre-Philippe, Clara, Hoan et Camille pour cette r\u00e9novation qui y ont mis leur comp\u00e9tence et leur enthousiasme. Ils nous promettent d\u2019autres nouveaut\u00e9s, en pr\u00e9paration pour de futures versions du site.<\/em><\/p>\n<p><em>Cette nouvelle vitrine de notre \u00e9cole tombe \u00e0 point nomm\u00e9 et s\u2019ouvre au modernisme tout en conservant l\u2019esprit et la tradition dont je suis le garant, ce n\u2019est pas le plus facile, mais j\u2019y veille.<\/em><\/p>\n<p><em>Il vous appartient aussi de faire vivre ce site au profit du plus grand nombre<\/em><\/p>\n<p><em>C\u2019est toute la dynamique de l\u2019\u00e9cole Thanh Long Truong Son qui est ainsi mobilis\u00e9e !<\/em><\/p>\n<p><em><strong>\u00a0<\/strong><\/em><\/p>\n<p><em>Le Ma\u00eetre<\/em><\/p>\n<p><em>Dan Viet G\u00e9rard<\/em><\/p>\n<\/div>","protected":false},"excerpt":{"rendered":"<p>Le mot du Ma\u00eetre 03\/08\/2018 &nbsp; Bien chers tous, Avec un site rajeuni, notre \u00e9cole, votre \u00e9cole, fait peau neuve et se rend plus visible : une navigation plus fluide facilite d\u00e9sormais l\u2019acc\u00e8s \u00e0 l\u2019ensemble de ses activit\u00e9s, dont certaines &hellip; <a href=\"https:\/\/thanhlongtruongson.com\/fr\/blog\/mot-du-maitre\">Lire la suite\u00ad\u00ad<\/a><\/p>\n","protected":false},"author":1,"featured_media":1521,"parent":84,"menu_order":1,"comment_status":"closed","ping_status":"closed","template":"page-feature.php","meta":{"_monsterinsights_skip_tracking":false,"_monsterinsights_sitenote_active":false,"_monsterinsights_sitenote_note":"","_monsterinsights_sitenote_category":0,"footnotes":""},"class_list":["post-403","page","type-page","status-publish","has-post-thumbnail","hentry"],"_links":{"self":[{"href":"https:\/\/thanhlongtruongson.com\/fr\/wp-json\/wp\/v2\/pages\/403","targetHints":{"allow":["GET"]}}],"collection":[{"href":"https:\/\/thanhlongtruongson.com\/fr\/wp-json\/wp\/v2\/pages"}],"about":[{"href":"https:\/\/thanhlongtruongson.com\/fr\/wp-json\/wp\/v2\/types\/page"}],"author":[{"embeddable":true,"href":"https:\/\/thanhlongtruongson.com\/fr\/wp-json\/wp\/v2\/users\/1"}],"replies":[{"embeddable":true,"href":"https:\/\/thanhlongtruongson.com\/fr\/wp-json\/wp\/v2\/comments?post=403"}],"version-history":[{"count":14,"href":"https:\/\/thanhlongtruongson.com\/fr\/wp-json\/wp\/v2\/pages\/403\/revisions"}],"predecessor-version":[{"id":1796,"href":"https:\/\/thanhlongtruongson.com\/fr\/wp-json\/wp\/v2\/pages\/403\/revisions\/1796"}],"up":[{"embeddable":true,"href":"https:\/\/thanhlongtruongson.com\/fr\/wp-json\/wp\/v2\/pages\/84"}],"wp:featuredmedia":[{"embeddable":true,"href":"https:\/\/thanhlongtruongson.com\/fr\/wp-json\/wp\/v2\/media\/1521"}],"wp:attachment":[{"href":"https:\/\/thanhlongtruongson.com\/fr\/wp-json\/wp\/v2\/media?parent=403"}],"curies":[{"name":"wp","href":"https:\/\/api.w.org\/{rel}","templated":true}]}}