{"id":512,"date":"2017-10-04T18:42:48","date_gmt":"2017-10-04T16:42:48","guid":{"rendered":"https:\/\/thanhlongtruongson.com\/?page_id=512"},"modified":"2024-08-11T08:26:51","modified_gmt":"2024-08-11T06:26:51","slug":"mentions-legales","status":"publish","type":"page","link":"https:\/\/thanhlongtruongson.com\/fr\/mentions-legales","title":{"rendered":"Mentions L\u00e9gales"},"content":{"rendered":"<div class=\"container-md\">\n<h2>1. \u00c9diteur<\/h2>\n<p>Vous \u00eates actuellement connect\u00e9 au site officiel \u00ab VIET VO DAO THANH LONG TRUONG SON \u00bb appartenant \u00e0 \u00c9cole Internationale Thanh Long Truong Son (EITLTSP) association de loi 1901, dont le si\u00e8ge social se situe au 21 B Place des Bughes, 63000 Clermont-Ferrand, France.<\/p>\n<p>Association Clermontoise Thanh Long d\u00e9clar\u00e9e sous le n\u00b0: W 6320 01257<\/p>\n<p>Date de cr\u00e9ation : 07\/12\/1999<\/p>\n<p>Date de publication : 08\/01\/2000<\/p>\n<p>Affili\u00e9e \u00e0 la f\u00e9d\u00e9ration Fran\u00e7aise de Karat\u00e9 (n\u00b0: 0630650)<\/p>\n<p>Directeur de la publication du site internet :<\/p>\n<ul>\n<li>Pierre-Philippe CHAPON<\/li>\n<li>Clara PHAN<\/li>\n<\/ul>\n<p>&nbsp;<\/p>\n<p><strong>Contact<\/strong>: contact &lt;arobase&gt; thanhlongtruongson &lt;point&gt; com<\/p>\n<p>&nbsp;<\/p>\n<h2>2. H\u00e9bergement<\/h2>\n<p>Ce site est h\u00e9berg\u00e9 en France par la soci\u00e9t\u00e9 OVH.<\/p>\n<p>&nbsp;<\/p>\n<h2>3. D\u00e9veloppement<\/h2>\n<p>Ce site a \u00e9t\u00e9 con\u00e7u et d\u00e9velopp\u00e9 par Clara PHAN responsable du projet principal, marketing et communication.<\/p>\n<p>&nbsp;<\/p>\n<h2>4. Informatique et Libert\u00e9 &#8211; Protection des donn\u00e9es personnelles<\/h2>\n<p>Ce site respecte les r\u00e8gles suivantes :<\/p>\n<ol>\n<li>Pas d\u2019information collect\u00e9e \u00e0 l\u2019insu de l\u2019internaute,<\/li>\n<li>Pas de cession \u00e0 des tiers,<\/li>\n<li>Pas d\u2019usage des informations collect\u00e9es au-del\u00e0 du traitement de la demande ou d\u2019une dur\u00e9e d\u2019un an si l\u2019internaute a accept\u00e9 d\u2019\u00eatre joint ult\u00e9rieurement (case \u00e0 cocher sur le formulaire).<\/li>\n<\/ol>\n<p>Les formulaires en ligne collectent vos donn\u00e9es.<\/p>\n<p>Conform\u00e9ment \u00e0 la loi n\u00b0 78-17 du 6 janvier 1978 relative \u00e0 l&rsquo;Informatique, aux fichiers et aux libert\u00e9s, l\u2019internaute dispose d\u2019un droit d\u2019acc\u00e8s qu&rsquo;il peut exercer aupr\u00e8s du correspondant \u00e0 la protection des donn\u00e9es \u00e0 caract\u00e8re personnel. Il dispose \u00e9galement d&rsquo;un droit de modification, de rectification et de suppression des donn\u00e9es \u00e0 caract\u00e8re personnel le concernant qu&rsquo;il peut exercer aupr\u00e8s du VIET VO DAO THANH LONG TRUONG SON PHAI.<\/p>\n<p>Le traitement automatis\u00e9 des donn\u00e9es nominatives r\u00e9alis\u00e9 \u00e0 partir de ce site web fait l&rsquo;objet d&rsquo;une d\u00e9claration en cours aupr\u00e8s de la CNIL (Commission Nationale de l&rsquo;Informatique et des Libert\u00e9s).<\/p>\n<p>&nbsp;<\/p>\n<h2>5. Propri\u00e9t\u00e9 intellectuelle et contrefa\u00e7ons<\/h2>\n<p>Tous les contenus pr\u00e9sents sur le site du VIET VO DAO THANH LONG TRUONG SON sont couverts par le droit d&rsquo;auteur. Toute reprise est d\u00e8s lors conditionn\u00e9e \u00e0 l&rsquo;accord de l&rsquo;auteur en vertu de l&rsquo;article L.122-4 du Code de la Propri\u00e9t\u00e9 intellectuelle.<\/p>\n<p>La reproduction ou la repr\u00e9sentation de tout ou partie de ce site, sur quelque support que ce soit, est formellement interdite sauf accord pr\u00e9alable \u00e9crit du directeur de la publication.<\/p>\n<p>Vous pouvez toutefois t\u00e9l\u00e9charger ou imprimer sur papier des pages et\/ou des parties du site du VIET VO DAO THANH LONG TRUONG SON \u00e0 des fins strictement personnelles, pour autant que vous ne supprimiez pas les mentions relatives au droit d&rsquo;auteur ou autres mentions concernant les droits de propri\u00e9t\u00e9 intellectuelle.<\/p>\n<p>Le t\u00e9l\u00e9chargement ou toute autre forme de copie d&rsquo;informations pr\u00e9sentes sur le site de VIET VO DAO THANH LONG TRUONG SON ne vous conf\u00e8rent aucun droit sur ceux-ci. Vous ne pouvez ni reproduire (en tout ou en partie), ni transmettre (\u00e9lectroniquement ou de quelque autre mani\u00e8re), ni modifier, ni utiliser le site du VIET VO DAO THANH LONG TRUONG SON \u00e0 des fins publiques ou commerciales.<\/p>\n<p>VIET VO DAO THANH LONG TRUONG SON est propri\u00e9taire des droits de propri\u00e9t\u00e9 intellectuelle ou d\u00e9tient les droits d\u2019usage sur tous les \u00e9l\u00e9ments accessibles sur le site, notamment les textes, images, graphismes, logo, ic\u00f4nes, sons, logiciels.<\/p>\n<p>Toute reproduction, repr\u00e9sentation, modification, publication, adaptation de tout ou partie des \u00e9l\u00e9ments du site, quel que soit le moyen ou le proc\u00e9d\u00e9 utilis\u00e9, est interdite, sauf autorisation \u00e9crite pr\u00e9alable de : VIET VO DAO THANH LONG TRUONG SON.<\/p>\n<p>Toute exploitation non autoris\u00e9e du site ou de l\u2019un quelconque des \u00e9l\u00e9ments qu\u2019il contient sera consid\u00e9r\u00e9e comme constitutive d\u2019une contrefa\u00e7on et poursuivie conform\u00e9ment aux dispositions des articles L.335-2 et suivants du Code de Propri\u00e9t\u00e9 Intellectuelle.<\/p>\n<p>&nbsp;<\/p>\n<h2>6. Droit d&rsquo;auteur &#8211; copyright<\/h2>\n<p>L&rsquo;ensemble de ce site rel\u00e8ve de la l\u00e9gislation fran\u00e7aise et internationale sur le droit d&rsquo;auteur et la propri\u00e9t\u00e9 intellectuelle. Tous les droits de reproduction sont r\u00e9serv\u00e9s, y compris pour les documents t\u00e9l\u00e9chargeables et les repr\u00e9sentations iconographiques et photographiques.<\/p>\n<p>La reproduction de tout ou partie de ce site sur un support \u00e9lectronique quel qu&rsquo;il soit est formellement interdite sauf autorisation expresse du directeur de la publication.<\/p>\n<p>La reproduction des textes de ce site sur un support papier est autoris\u00e9e, tout particuli\u00e8rement dans le cadre p\u00e9dagogique, sous r\u00e9serve du respect des trois conditions suivantes :<\/p>\n<ul>\n<li>Gratuit\u00e9 de la diffusion,<\/li>\n<li>Respect de l&rsquo;int\u00e9grit\u00e9 des documents reproduits : pas de modification ni alt\u00e9ration d&rsquo;aucune sorte,<\/li>\n<li>Citation claire et lisible de la source.<\/li>\n<\/ul>\n<p>Pour d&rsquo;autres utilisations, veuillez contacter le responsable du site.<\/p>\n<p>Les marques cit\u00e9es sur ce site sont d\u00e9pos\u00e9es par les soci\u00e9t\u00e9s qui en sont propri\u00e9taires.<\/p>\n<p>Adresses \u00e9lectroniques, num\u00e9ros de t\u00e9l\u00e9phone et de fax mis en ligne<\/p>\n<p>Ce type d&rsquo;information est mis en ligne afin de permettre \u00e0 l&rsquo;internaute d&rsquo;acc\u00e9der plus rapidement \u00e0 l&rsquo;information recherch\u00e9e. Il ne peut \u00eatre utilis\u00e9 \u00e0 d&rsquo;autres fins et notamment de prospection commerciale. Le non-respect de cette interdiction expose le contrevenant \u00e0 des poursuites.<\/p>\n<p>&nbsp;<\/p>\n<h2>7. Informations contenues dans le site<\/h2>\n<p>Les informations fournies sur les sites associ\u00e9s et les associations associ\u00e9es le sont \u00e0 titre informatif. VIET VO DAO THANH LONG TRUONG SON ne saurait garantir l&rsquo;exactitude, la compl\u00e9tude, l&rsquo;actualit\u00e9 des informations diffus\u00e9es sur le site. VIET VO DAO THANH LONG TRUONG SON met tout en \u0153uvre pour offrir aux utilisateurs des informations et des outils disponibles et v\u00e9rifi\u00e9s, mais ne saurait \u00eatre tenu pour responsable des erreurs, des omissions et d&rsquo;une absence de disponibilit\u00e9 des informations et des services.<\/p>\n<p>En cons\u00e9quence, l&rsquo;utilisateur reconna\u00eet utiliser ces informations sous sa responsabilit\u00e9 exclusive.<\/p>\n<p>D&rsquo;une mani\u00e8re g\u00e9n\u00e9rale, VIET VO DAO THANH LONG TRUONG SON ne pourra \u00eatre tenu responsable de tous les dommages directs ou indirects r\u00e9sultant de l&rsquo;utilisation du site thanhlongtruongson.com ou d&rsquo;autres sites qui lui sont li\u00e9s.<\/p>\n<p>Le site ext\u00e9rieur ayant un lien hypertexte avec le pr\u00e9sent site ne sont pas sous son contr\u00f4le et VIET VO DAO THANH LONG TRUONG SON d\u00e9cline par cons\u00e9quent toute responsabilit\u00e9 quant \u00e0 leur contenu. L&rsquo;utilisateur est seul responsable de leur utilisation.<\/p>\n<p>&nbsp;<\/p>\n<h2>8. Fonctionnement<\/h2>\n<p>Pour toute remarque sur le fonctionnement du site, veuillez adresser un message au webmestre du VIET VO DAO THANH LONG TRUONG SON.<\/p>\n<p>&nbsp;<\/p>\n<h2>9. Liens hypertextes et cookies.<\/h2>\n<p>Le site contient un certain nombre de liens hypertextes vers d\u2019autres sites, mis en place avec l\u2019autorisation des associations se r\u00e9clament de l\u2019\u00c9cole THANH LONG TRUONG SON \u00e9cole fond\u00e9e par Ma\u00eetre G\u00e9rard Dan Vi\u00eat NGUYEN. Cependant, le propri\u00e9taire de ce site n\u2019a pas la possibilit\u00e9 de v\u00e9rifier le contenu des sites ainsi visit\u00e9s, et n\u2019assumera en cons\u00e9quence aucune responsabilit\u00e9 de ce fait.<\/p>\n<p>La navigation sur le site est susceptible de provoquer l\u2019installation de cookie(s) sur l\u2019ordinateur de l\u2019utilisateur. Un cookie est un fichier de petite taille, qui ne permet pas l\u2019identification de l\u2019utilisateur, mais qui enregistre des informations relatives \u00e0 la navigation d\u2019un ordinateur sur un site. Les donn\u00e9es ainsi obtenues visent \u00e0 faciliter la navigation ult\u00e9rieure sur le site, et ont \u00e9galement vocation \u00e0 permettre diverses mesures de fr\u00e9quentation.<\/p>\n<p>Le refus d\u2019installation d\u2019un cookie peut entra\u00eener l\u2019impossibilit\u00e9 d\u2019acc\u00e9der \u00e0 certains services. L\u2019utilisateur peut toutefois configurer son ordinateur de la mani\u00e8re suivante, pour refuser l\u2019installation des cookies :<\/p>\n<ul>\n<li>Sous Chrome : Cliquez en haut \u00e0 droite du navigateur sur le pictogramme de menu (symbolis\u00e9 par trois lignes horizontales). S\u00e9lectionnez Param\u00e8tres. Cliquez sur Afficher les param\u00e8tres avanc\u00e9s. Dans la section \u00ab Confidentialit\u00e9 \u00bb, cliquez sur pr\u00e9f\u00e9rences. Dans l\u2019onglet \u00ab Confidentialit\u00e9 \u00bb, vous pouvez bloquer les cookies.<\/li>\n<li>Sous Firefox : en haut de la fen\u00eatre du navigateur, cliquez sur le bouton Firefox, puis aller dans l\u2019onglet Options. Cliquer sur l\u2019onglet Vie priv\u00e9e. Param\u00e9trez les R\u00e8gles de conservation sur : utiliser les param\u00e8tres personnalis\u00e9s pour l\u2019historique. Enfin d\u00e9cochez-la pour d\u00e9sactiver les cookies.<\/li>\n<li>Sous Internet Explorer : onglet outil (pictogramme en forme de rouage en haut a droite) \/ options internet. Cliquez sur Confidentialit\u00e9 et choisissez Bloquer tous les cookies. Validez sur Ok.<\/li>\n<li>Sous Safari : Cliquez en haut \u00e0 droite du navigateur sur le pictogramme de menu (symbolis\u00e9 par un rouage). S\u00e9lectionnez Param\u00e8tres. Cliquez sur Afficher les param\u00e8tres avanc\u00e9s. Dans la section \u00ab Confidentialit\u00e9 \u00bb, cliquez sur Param\u00e8tres de contenu. Dans la section \u00ab Cookies \u00bb, vous pouvez bloquer les cookies.<\/li>\n<\/ul>\n<\/div>","protected":false},"excerpt":{"rendered":"<p>1. \u00c9diteur Vous \u00eates actuellement connect\u00e9 au site officiel \u00ab VIET VO DAO THANH LONG TRUONG SON \u00bb appartenant \u00e0 \u00c9cole Internationale Thanh Long Truong Son (EITLTSP) association de loi 1901, dont le si\u00e8ge social se situe au 21 B &hellip; <a href=\"https:\/\/thanhlongtruongson.com\/fr\/mentions-legales\">Lire la suite\u00ad\u00ad<\/a><\/p>\n","protected":false},"author":1,"featured_media":0,"parent":0,"menu_order":0,"comment_status":"closed","ping_status":"closed","template":"page-fullwidth.php","meta":{"_monsterinsights_skip_tracking":false,"_monsterinsights_sitenote_active":false,"_monsterinsights_sitenote_note":"","_monsterinsights_sitenote_category":0,"footnotes":""},"class_list":["post-512","page","type-page","status-publish","hentry"],"_links":{"self":[{"href":"https:\/\/thanhlongtruongson.com\/fr\/wp-json\/wp\/v2\/pages\/512","targetHints":{"allow":["GET"]}}],"collection":[{"href":"https:\/\/thanhlongtruongson.com\/fr\/wp-json\/wp\/v2\/pages"}],"about":[{"href":"https:\/\/thanhlongtruongson.com\/fr\/wp-json\/wp\/v2\/types\/page"}],"author":[{"embeddable":true,"href":"https:\/\/thanhlongtruongson.com\/fr\/wp-json\/wp\/v2\/users\/1"}],"replies":[{"embeddable":true,"href":"https:\/\/thanhlongtruongson.com\/fr\/wp-json\/wp\/v2\/comments?post=512"}],"version-history":[{"count":11,"href":"https:\/\/thanhlongtruongson.com\/fr\/wp-json\/wp\/v2\/pages\/512\/revisions"}],"predecessor-version":[{"id":1797,"href":"https:\/\/thanhlongtruongson.com\/fr\/wp-json\/wp\/v2\/pages\/512\/revisions\/1797"}],"wp:attachment":[{"href":"https:\/\/thanhlongtruongson.com\/fr\/wp-json\/wp\/v2\/media?parent=512"}],"curies":[{"name":"wp","href":"https:\/\/api.w.org\/{rel}","templated":true}]}}