{"id":2,"date":"2017-08-25T18:12:19","date_gmt":"2017-08-25T16:12:19","guid":{"rendered":"http:\/\/thanhlongtruongson.com\/?page_id=2"},"modified":"2024-08-11T08:04:41","modified_gmt":"2024-08-11T06:04:41","slug":"origines","status":"publish","type":"page","link":"https:\/\/thanhlongtruongson.com\/vi\/origines","title":{"rendered":"L\u1ecbch s\u1eed"},"content":{"rendered":"<div class=\"container-md\">\n<h2>Vi\u1ec7t V\u00f5 \u0110\u1ea1o<\/h2>\n<figure id=\"attachment_1035\" class=\"thumbnail wp-caption aligncenter\" style=\"width: 274px\"><img fetchpriority=\"high\" decoding=\"async\" class=\"wp-image-1035 size-full\" src=\"https:\/\/thanhlongtruongson.com\/wp-content\/uploads\/2018\/03\/nguyendanphu.jpg\" alt=\"\" width=\"274\" height=\"393\" srcset=\"https:\/\/thanhlongtruongson.com\/wp-content\/uploads\/2018\/03\/nguyendanphu.jpg 274w, https:\/\/thanhlongtruongson.com\/wp-content\/uploads\/2018\/03\/nguyendanphu-209x300.jpg 209w\" sizes=\"(max-width: 274px) 100vw, 274px\" \/><figcaption class=\"caption wp-caption-text\">S\u01b0 T\u1ed5 Nguy\u1ec5n D\u00e2n Ph\u00fa<\/figcaption><\/figure>\n<p>&nbsp;<\/p>\n<p>Ngh\u0129a \u0111en l\u00e0 \u0111\u01b0\u1eddng, c\u00e1ch (\u0110\u1ea1o) c\u1ee7a v\u00f5 thu\u1eadt Vi\u1ec7t Nam.<\/p>\n<p>Thu\u1eadt ng\u1eef n\u00e0y \u0111\u01b0\u1ee3c d\u00f9ng chung \u0111\u1ec3 n\u00f3i v\u1ec1 v\u00f5 thu\u1eadt truy\u1ec1n th\u1ed1ng c\u1ee7a Vi\u1ec7t Nam, c\u0169ng gi\u1ed1ng nh\u01b0 t\u1eeb &#8220;c\u00f4ng phu&#8221; \u0111\u01b0\u1ee3c s\u1eed d\u1ee5ng \u1edf Trung Qu\u1ed1c mang ngh\u0129a l\u00e0 &#8220;v\u00f5 thu\u1eadt&#8221;.<\/p>\n<p>Ngu\u1ed3n g\u1ed1c Vi\u1ec7t V\u00f5 \u0110\u1ea1o c\u00f3 th\u1ec3 \u0111\u01b0\u1ee3c b\u1eaft ngu\u1ed3n t\u1eeb kho\u1ea3ng n\u0103m ng\u00e0n n\u0103m tr\u01b0\u1edbc. Nh\u1eefng d\u1ea5u t\u00edch \u0111\u1ea7u ti\u00ean \u0111\u01b0\u1ee3c t\u00ecm th\u1ea5y trong nh\u1eefng \u0111i\u00eau kh\u1eafc \u1edf t\u1ec9nh Thanh H\u00f3a, mi\u1ec1n b\u1eafc Vi\u1ec7t Nam &#8211; trong hang \u0111\u1ed9ng, c\u00e1c v\u1eadt th\u1ec3 v\u00e0 v\u0169 kh\u00ed. V\u00e0o th\u1eddi \u0111i\u1ec3m \u0111\u00f3, kh\u00f4ng c\u00f3 s\u1ef1 ph\u00e2n bi\u1ec7t gi\u1eefa v\u00f5 thu\u1eadt v\u00e0 k\u1ef9 thu\u1eadt chi\u1ebfn tranh. Cho \u0111\u1ebfn kho\u1ea3ng ba ng\u00e0n n\u0103m tr\u01b0\u1edbc, c\u00e1c tr\u01b0\u1eddng h\u1ecdc v\u00e0 c\u00e1c phong tr\u00e0o v\u00f5 thu\u1eadt m\u1edbi \u0111\u01b0\u1ee3c ph\u00e2n lo\u1ea1i r\u00f5 r\u00e0ng \u1edf ch\u00e2u \u00c1.<\/p>\n<p>T\u1ea1i Ph\u00e1p, L\u00e3o S\u01b0 (S\u01b0 T\u1ed5) Nguy\u1ec5n D\u00e2n Ph\u00fa &#8211; ng\u01b0\u1eddi s\u00e1ng l\u1eadp tr\u01b0\u1eddng ph\u00e1i Thanh Long, c\u0169ng l\u00e0 ng\u01b0\u1eddi \u0111\u1ea7u ti\u00ean truy\u1ec1n b\u00e1 Vi\u1ec7t V\u00f5 \u0110\u1ea1o \u1edf ph\u01b0\u01a1ng T\u00e2y. N\u0103m 1973, \u00f4ng tr\u1edf th\u00e0nh \u0111\u1ed3ng s\u00e1ng l\u1eadp v\u00e0 l\u00e0 T\u1ed5 ph\u1ee5 c\u1ee7a Li\u00ean \u0111o\u00e0n Vi\u1ec7t V\u00f5 \u0110\u1ea1o \u0111\u1ea7u ti\u00ean t\u1ea1i n\u01b0\u1edbc Ph\u00e1p. \u1ede c\u1ea5p b\u1eadc \u201cTh\u1eadp \u0110\u1eb3ng\u201d, \u00f4ng l\u00e0 v\u00f5 s\u01b0 \u0111\u01b0\u1ee3c x\u1ebfp h\u1ea1ng cao nh\u1ea5t Ch\u00e2u \u00c2u.<\/p>\n<p>&nbsp;<\/p>\n<hr \/>\n<h2>Thanh Long<\/h2>\n<script type=\"text\/javascript\">\r\ndocument.addEventListener(\"DOMContentLoaded\", function(event) { \r\n\tjQuery( '#slider-pro-3-1213' ).sliderPro({\r\n\t\t\/\/width\r\n\t\t\t\twidth: 600,\r\n\t\t\t\t\r\n\t\t\/\/height\r\n\t\t\t\tautoHeight: true,\r\n\t\t\t\t\r\n\t\t\/\/auto play\r\n\t\t\t\t\t\t\t\tautoplay:  false,\r\n\t\t\t\tautoplayDelay: 5000,\r\n\t\t\r\n\t\t\r\n\t\tarrows: true,\r\n\t\tbuttons: true,\r\n\t\tsmallSize: 500,\r\n\t\tmediumSize: 1000,\r\n\t\tlargeSize: 3000,\r\n\t\tfade: false,\r\n\t\t\r\n\t\t\/\/thumbnail\r\n\t\tthumbnailArrows: true,\r\n\t\tthumbnailWidth: 120,\r\n\t\tthumbnailHeight: 120,\r\n\t\t\t\t\t\tthumbnailsPosition: 'bottom',\r\n\t\t\t\t\t\tcenterImage: true,\r\n\t\timageScaleMode: 'cover',\r\n\t\tallowScaleUp: true,\r\n\t\t\t\tstartSlide: 0,\r\n\t\tloop: true,\r\n\t\tslideDistance: 5,\r\n\t\tautoplayDirection: 'normal',\r\n\t\ttouchSwipe: true,\r\n\t\tfullScreen: true,\r\n\t});\r\n});\r\n<\/script>\r\n\r\n\t\t<div id=\"slider-pro-3-1213\" class=\"slider-pro\">\r\n\t\t\t<!---- slides div start ---->\r\n\t\t\t<div class=\"sp-slides\">\r\n\t\t\t\t\t\t\t\t\t\t<div class=\"sp-slide\">\r\n\t\t\t\t\t\t\t<img decoding=\"async\" class=\"sp-image\" loading=\"lazy\" alt=\"\" src=\"https:\/\/thanhlongtruongson.com\/wp-content\/plugins\/ultimate-responsive-image-slider\/assets\/css\/images\/blank.gif\" data-src=\"https:\/\/thanhlongtruongson.com\/wp-content\/uploads\/2018\/03\/nguyen-family.jpg\" \/>\r\n\r\n\t\t\t\t\t\t\t\r\n\t\t\t\t\t\t\t\t\t\t\t\t\t<\/div>\r\n\t\t\t\t\t\t\t\t\t\t\t\t<div class=\"sp-slide\">\r\n\t\t\t\t\t\t\t<img decoding=\"async\" class=\"sp-image\" loading=\"lazy\" alt=\"\" src=\"https:\/\/thanhlongtruongson.com\/wp-content\/plugins\/ultimate-responsive-image-slider\/assets\/css\/images\/blank.gif\" data-src=\"https:\/\/thanhlongtruongson.com\/wp-content\/uploads\/2018\/05\/cuulong-organigramme.jpg\" \/>\r\n\r\n\t\t\t\t\t\t\t\r\n\t\t\t\t\t\t\t\t\t\t\t\t\t<\/div>\r\n\t\t\t\t\t\t\t\t\t<\/div>\r\n\t\t\t\r\n\t\t\t<!---- slides div end ---->\r\n\t\t\t\t\t\t<!-- slides thumbnails div end -->\r\n\t\t<\/div>\r\n\t\t<style>\r\n\/* Layout 3 *\/\r\n\/* border *\/\r\n#slider-pro-3-1213 .sp-selected-thumbnail {\r\n\tborder: 4px solid #000000;\r\n}\r\n\r\n\/* font + color *\/\r\n.title-in  {\r\n\tfont-family: Arial !important;\r\n\tcolor: #000000 !important;\r\n\tbackground-color: #FFFFFF !important;\r\n\topacity: 0.7 !important;\r\n}\r\n.desc-in  {\r\n\tfont-family: Arial !important;\r\n\tcolor: #FFFFFF !important;\r\n\tbackground-color: #000000 !important;\r\n\topacity: 0.7 !important;\r\n}\r\n\r\n\/* bullets color *\/\r\n.sp-button  {\r\n\tborder: 2px solid #000000 !important;\r\n}\r\n.sp-selected-button  {\r\n\tbackground-color: #000000 !important;\r\n}\r\n\r\n\/* pointer color - bottom *\/\r\n.sp-selected-thumbnail::before {\r\n\tborder-bottom: 5px solid #000000 !important;\r\n}\r\n.sp-selected-thumbnail::after {\r\n\tborder-bottom: 13px solid #000000 !important;\r\n}\r\n\r\n\/* pointer color - top *\/\r\n\r\n\/* full screen icon *\/\r\n.sp-full-screen-button::before {\r\n    color: #000000 !important;\r\n}\r\n\r\n\/* hover navigation icon color *\/\r\n.sp-next-arrow::after, .sp-next-arrow::before {\r\n\tbackground-color: #000000 !important;\r\n}\r\n.sp-previous-arrow::after, .sp-previous-arrow::before {\r\n\tbackground-color: #000000 !important;\r\n}\r\n\r\n#slider-pro-3-1213 .title-in {\r\n\tcolor: #000000 !important;\r\n\tfont-weight: bolder;\r\n\ttext-align: center;\r\n}\r\n\r\n#slider-pro-3-1213 .title-in-bg {\r\n\tbackground: rgba(255, 255, 255, 0.7); !important;\r\n\twhite-space: unset !important;\r\n\ttransform: initial !important;\r\n\t-webkit-transform: initial !important;\r\n\tfont-size: 14px !important;\r\n}\r\n\r\n#slider-pro-3-1213 .desc-in {\r\n\tcolor: #FFFFFF !important;\r\n\ttext-align: center;\r\n}\r\n#slider-pro-3-1213 .desc-in-bg {\r\n\tbackground: rgba(#000000, 0.7) !important;\r\n\twhite-space: unset !important;\r\n\ttransform: initial !important;\r\n\t-webkit-transform: initial !important;\r\n\tfont-size: 13px !important;\r\n}\r\n\r\n@media (max-width: 640px) {\r\n\t#slider-pro-3-1213 .hide-small-screen {\r\n\t\tdisplay: none;\r\n\t}\r\n}\r\n\r\n@media (max-width: 860px) {\r\n\t#slider-pro-3-1213 .sp-layer {\r\n\t\tfont-size: 18px;\r\n\t}\r\n\t\r\n\t#slider-pro-3-1213 .hide-medium-screen {\r\n\t\tdisplay: none;\r\n\t}\r\n}\r\n.slides-not-found {\r\n\tbackground-color: #a92929;\r\n\tborder-radius: 5px;\r\n\tcolor: #fff;\r\n\tfont-family: initial;\r\n\ttext-align: center;\r\n\tpadding:12px;\r\n}\r\n\/* Custom CSS *\/\r\n<\/style>\r\n\n<p>&nbsp;<\/p>\n<p>\u0110\u01b0\u1ee3c s\u00e1ng l\u1eadp b\u1edfi L\u00e3o S\u01b0 Ph\u00fa, Thanh Long d\u1ecbch theo ngh\u0129a \u0111en l\u00e0 &#8220;r\u1ed3ng xanh&#8221;. Linh v\u1eadt huy\u1ec1n b\u00ed n\u00e0y, linh ho\u1ea1t m\u1ea1nh m\u1ebd nh\u01b0ng tr\u01b0\u1edbc h\u1ebft l\u00e0 c\u00f3 b\u1ea3n ch\u1ea5t l\u01b0\u01a1ng thi\u1ec7n &#8211; l\u00e0 bi\u1ec3u t\u01b0\u1ee3ng c\u1ee7a c\u1ee7a tr\u01b0\u1eddng ph\u00e1i ch\u00fang t\u00f4i.<\/p>\n<p>\u0110\u1ec3 truy\u1ec1n b\u00e1 b\u1ed9 m\u00f4n v\u00f5 thu\u1eadt n\u00e0y, L\u00e3o S\u01b0 Ph\u00fa khi c\u00f2n s\u1ed1ng \u0111\u00e3 th\u00e0nh l\u1eadp t\u00e1m tr\u01b0\u1eddng ph\u00e1i ch\u00ednh, \u0111\u1eb7t t\u00ean theo t\u00e1m ng\u01b0\u1eddi con trai c\u1ee7a \u00f4ng v\u00e0 c\u0169ng l\u00e0 nh\u1eefng ng\u01b0\u1eddi tr\u1ef1c ti\u1ebfp \u0111\u1ee9ng \u0111\u1ea7u m\u1ed7i tr\u01b0\u1eddng ph\u00e1i. B\u1ea3n kh\u1eafc tr\u00ean bia \u1edf l\u00e0ng \u0110a Ng\u01b0u, n\u01a1i \u00f4ng \u0111\u01b0\u1ee3c sinh ra, ph\u1ea3n \u00e1nh quy\u1ebft \u0111\u1ecbnh n\u00e0y.<\/p>\n<p>&nbsp;<\/p>\n<hr \/>\n<h2>Tr\u01b0\u1eddng ph\u00e1i Tr\u01b0\u1eddng S\u01a1n<\/h2>\n<figure id=\"attachment_586\" class=\"thumbnail wp-caption aligncenter\" style=\"width: 240px\"><img decoding=\"async\" class=\"wp-image-586 size-full\" src=\"https:\/\/thanhlongtruongson.com\/wp-content\/uploads\/2017\/10\/m1.jpg\" alt=\"\" width=\"240\" height=\"354\" srcset=\"https:\/\/thanhlongtruongson.com\/wp-content\/uploads\/2017\/10\/m1.jpg 240w, https:\/\/thanhlongtruongson.com\/wp-content\/uploads\/2017\/10\/m1-203x300.jpg 203w\" sizes=\"(max-width: 240px) 100vw, 240px\" \/><figcaption class=\"caption wp-caption-text\">L\u00e3o S\u01b0 D\u00e2n Vi\u1ec7t G\u00e9rard<\/figcaption><\/figure>\n<p>&nbsp;<\/p>\n<p>Tr\u01b0\u1eddng ph\u00e1i v\u00f5 thu\u1eadt c\u1ee7a ch\u00fang t\u00f4i \u0111\u01b0\u1ee3c th\u00e0nh l\u1eadp b\u1edfi L\u00e3o S\u01b0 Nguy\u1ec5n D\u00e2n Vi\u1ec7t G\u00e9rard. Nh\u1edd v\u00e0o kinh nghi\u1ec7m t\u00edch lu\u1ef9 trong khi l\u00e0m b\u00e1c s\u0129 v\u00e0 nh\u00e0 ch\u00e2m c\u1ee9u, L\u00e3o S\u01b0 \u0111\u00e3 s\u00e1ng t\u1ea1o ra nhi\u1ec1u ph\u01b0\u01a1ng ph\u00e1p luy\u1ec7n t\u1eadp N\u1ed9i Gia phong ph\u00fa. &#8220;Tr\u01b0\u1eddng S\u01a1n&#8221; \u0111\u01b0\u1ee3c bao g\u1ed3m <a href=\"https:\/\/thanhlongtruongson.com\/en\/les-styles\/style-externe\">V\u00f5, tr\u01b0\u1eddng ph\u00e1i Ngo\u1ea1i Gia<\/a> v\u00e0 <a href=\"https:\/\/thanhlongtruongson.com\/les-styles\/style-interne\">Kh\u00ed \u0110\u1ea1o, tr\u01b0\u1eddng ph\u00e1i N\u1ed9i Gia<\/a>.<\/p>\n<\/div>\n<p>&nbsp;<\/p>","protected":false},"excerpt":{"rendered":"<p>Vi\u1ec7t V\u00f5 \u0110\u1ea1o &nbsp; Ngh\u0129a \u0111en l\u00e0 \u0111\u01b0\u1eddng, c\u00e1ch (\u0110\u1ea1o) c\u1ee7a v\u00f5 thu\u1eadt Vi\u1ec7t Nam. Thu\u1eadt ng\u1eef n\u00e0y \u0111\u01b0\u1ee3c d\u00f9ng chung \u0111\u1ec3 n\u00f3i v\u1ec1 v\u00f5 thu\u1eadt truy\u1ec1n th\u1ed1ng c\u1ee7a Vi\u1ec7t Nam, c\u0169ng gi\u1ed1ng nh\u01b0 t\u1eeb &#8220;c\u00f4ng phu&#8221; \u0111\u01b0\u1ee3c s\u1eed d\u1ee5ng &hellip; <a href=\"https:\/\/thanhlongtruongson.com\/vi\/?p=1213\">Continued<\/a><\/p>\n","protected":false},"author":1,"featured_media":1782,"parent":0,"menu_order":1,"comment_status":"closed","ping_status":"closed","template":"page-feature.php","meta":{"_monsterinsights_skip_tracking":false,"_monsterinsights_sitenote_active":false,"_monsterinsights_sitenote_note":"","_monsterinsights_sitenote_category":0,"footnotes":""},"class_list":["post-2","page","type-page","status-publish","has-post-thumbnail","hentry"],"_links":{"self":[{"href":"https:\/\/thanhlongtruongson.com\/vi\/wp-json\/wp\/v2\/pages\/2","targetHints":{"allow":["GET"]}}],"collection":[{"href":"https:\/\/thanhlongtruongson.com\/vi\/wp-json\/wp\/v2\/pages"}],"about":[{"href":"https:\/\/thanhlongtruongson.com\/vi\/wp-json\/wp\/v2\/types\/page"}],"author":[{"embeddable":true,"href":"https:\/\/thanhlongtruongson.com\/vi\/wp-json\/wp\/v2\/users\/1"}],"replies":[{"embeddable":true,"href":"https:\/\/thanhlongtruongson.com\/vi\/wp-json\/wp\/v2\/comments?post=2"}],"version-history":[{"count":54,"href":"https:\/\/thanhlongtruongson.com\/vi\/wp-json\/wp\/v2\/pages\/2\/revisions"}],"predecessor-version":[{"id":1793,"href":"https:\/\/thanhlongtruongson.com\/vi\/wp-json\/wp\/v2\/pages\/2\/revisions\/1793"}],"wp:featuredmedia":[{"embeddable":true,"href":"https:\/\/thanhlongtruongson.com\/vi\/wp-json\/wp\/v2\/media\/1782"}],"wp:attachment":[{"href":"https:\/\/thanhlongtruongson.com\/vi\/wp-json\/wp\/v2\/media?parent=2"}],"curies":[{"name":"wp","href":"https:\/\/api.w.org\/{rel}","templated":true}]}}