{"id":390,"date":"2017-09-06T13:44:00","date_gmt":"2017-09-06T11:44:00","guid":{"rendered":"https:\/\/thanhlongtruongson.com\/?page_id=390"},"modified":"2024-08-11T08:18:26","modified_gmt":"2024-08-11T06:18:26","slug":"style-interne","status":"publish","type":"page","link":"https:\/\/thanhlongtruongson.com\/vi\/les-styles\/style-interne","title":{"rendered":"Tr\u01b0\u1eddng Ph\u00e1i N\u1ed9i Gia"},"content":{"rendered":"<div class=\"container-md\">\n<h3>Kh\u00ed \u0110\u1ea1o<\/h3>\n<p><strong>\u0110\u01b0\u1eddng (\u0110\u1ea1o) N\u0103ng l\u01b0\u1ee3ng (Kh\u00ed)<\/strong><\/p>\n<p>Ban \u0111\u1ea7u ch\u1ec9 d\u00e0nh cho nh\u1eefng m\u00f4n \u0111\u1ed3 l\u00e2u \u0111\u1eddi v\u00e0 chuy\u00ean c\u1ea7n nh\u1ea5t, nh\u01b0ng t\u1eeb kho\u1ea3ng m\u1ed9t th\u1eadp k\u1ef7 nay, Tr\u01b0\u1eddng Ph\u00e1i N\u1ed9i Gia \u0111\u00e3 \u0111\u01b0\u1ee3c gi\u1ea3ng d\u1ea1y r\u1ed9ng r\u00e3i cho t\u1ea5t c\u1ea3 c\u00e1c h\u1ecdc vi\u00ean. Ph\u00f9 h\u1ee3p v\u1edbi m\u1ecdi l\u1ee9a tu\u1ed5i, Kh\u00ed \u0110\u1ea1o gi\u00fap v\u1eadn \u0111\u1ed9ng to\u00e0n th\u00e2n v\u00e0 ki\u1ec3m so\u00e1t h\u01a1i th\u1edf. \u0110\u1ed1i v\u1edbi nh\u1eefng ng\u01b0\u1eddi tr\u1ebb tu\u1ed5i vi\u1ec7c t\u1eadp luy\u1ec7n s\u1ebd ho\u00e0n thi\u1ec7n h\u01a1n khi k\u1ebft h\u1ee3p Kh\u00ed \u0110\u1ea1o v\u1edbi V\u00f5. V\u00e0 \u0111\u1ed1i v\u1edbi nh\u1eefng ng\u01b0\u1eddi l\u1edbn tu\u1ed5i, \u0111\u00e2y l\u00e0 c\u00e1ch v\u1eadn \u0111\u1ed9ng nh\u1eb9 nh\u00e0ng \u0111\u1ec3 duy tr\u00ec s\u1ee9c kho\u1ebb v\u00e0 s\u1ef1 d\u1ebbo dai.<\/p>\n<p>C\u00e1c lo\u1ea1i binh kh\u00ed nh\u01b0 ki\u1ebfm v\u00e0 qu\u1ea1t c\u0169ng \u0111\u01b0\u1ee3c s\u1eed d\u1ee5ng k\u00e8m theo. V\u1edbi s\u1ef1 h\u1ed7 tr\u1ee3 t\u1eeb v\u0169 kh\u00ed, h\u1ecdc vi\u00ean c\u00f3 th\u1ec3 c\u1ea3i thi\u1ec7n b\u1ea3n \u0111\u1ed3 c\u01a1 th\u1ec3 (body map), \u0111\u1ed9 ch\u00ednh x\u00e1c khi di chuy\u1ec3n v\u00e0 t\u0103ng s\u1ee9c m\u1ea1nh th\u00e2n th\u1ec3 n\u00f3i chung.<\/p>\n<p><a href=\"https:\/\/thanhlongtruongson.com\/wp-content\/uploads\/2018\/03\/Stage-Khi-Dao-loudes-17-avril-2016-004.jpg\"><img fetchpriority=\"high\" decoding=\"async\" class=\"aligncenter wp-image-1121\" src=\"https:\/\/thanhlongtruongson.com\/wp-content\/uploads\/2018\/03\/Stage-Khi-Dao-loudes-17-avril-2016-004-1024x768.jpg\" alt=\"\" width=\"600\" height=\"450\" srcset=\"https:\/\/thanhlongtruongson.com\/wp-content\/uploads\/2018\/03\/Stage-Khi-Dao-loudes-17-avril-2016-004-1024x768.jpg 1024w, https:\/\/thanhlongtruongson.com\/wp-content\/uploads\/2018\/03\/Stage-Khi-Dao-loudes-17-avril-2016-004-300x225.jpg 300w, https:\/\/thanhlongtruongson.com\/wp-content\/uploads\/2018\/03\/Stage-Khi-Dao-loudes-17-avril-2016-004-768x576.jpg 768w\" sizes=\"(max-width: 600px) 100vw, 600px\" \/><\/a><\/p>\n<hr \/>\n<h3>Thi\u1ec1n \u0111\u1ecbnh<\/h3>\n<p>Th\u1ef1c t\u1eadp Thi\u1ec1n \u0111\u1ecbnh, hay tu Thi\u1ec1n, hi\u1ec7n h\u1eefu \u1edf r\u1ea5t nhi\u1ec1u qu\u1ed1c gia v\u00e0 n\u1ec1n v\u0103n minh tr\u00ean th\u1ebf gi\u1edbi. L\u1ecbch s\u1eed Thi\u1ec1n \u0111\u01b0\u1ee3c b\u1eaft ngu\u1ed3n t\u1eeb h\u00e0ng ng\u00e0n n\u0103m tr\u01b0\u1edbc.<\/p>\n<p>C\u00f3 r\u1ea5t nhi\u1ec1u tr\u01b0\u1eddng ph\u00e1i v\u00e0 ph\u01b0\u01a1ng ph\u00e1p Thi\u1ec1n \u0111\u1ecbnh. V\u00e0 m\u1ed7i ng\u01b0\u1eddi khi th\u1ef1c h\u00e0nh c\u00f3 m\u1ed9t m\u1ee5c \u0111\u00edch ri\u00eang kh\u00f4ng ai gi\u1ed1ng nh\u01b0 ai. Thi\u1ec1n \u0111\u1ecbnh, hay n\u00f3i chung l\u00e0 c\u00e1c ph\u01b0\u01a1ng th\u1ee9cThi\u1ec1n \u0111\u1ecbnh, l\u00e0 c\u00e1c b\u00e0i t\u1eadp nh\u1eb1m r\u00e8n luy\u1ec7n t\u00e2m th\u1ee9c, v\u00ed nh\u01b0 c\u00e1c b\u00e0i t\u1eadp th\u1ec3 ch\u1ea5t v\u1edbi m\u1ee5c ti\u00eau \u0111\u1ec3 u\u1ed1n n\u1eafn v\u00e0 r\u00e8n luy\u1ec7n th\u00e2n th\u1ec3. Th\u1ef1c t\u1eadp Thi\u1ec1n \u0111\u1ecbnh ph\u1ea3i \u0111i \u0111\u00f4i v\u1edbi luy\u1ec7n V\u00f5 tr\u00ean to\u00e0n th\u1ec3 c\u00e1c ph\u01b0\u01a1ng di\u1ec7n t\u00e2m, th\u00e2n, nh\u00e2n v\u00e0 kh\u00ed.<\/p>\n<p>Th\u1eddi nay, m\u1ed9t s\u1ed1 ph\u01b0\u01a1ng ph\u00e1p Thi\u1ec1n \u0111\u1ecbnh \u0111\u01b0\u1ee3c truy\u1ec1n b\u00e1 v\u00e0 t\u1eadp luy\u1ec7n r\u1ed9ng r\u00e3i trong \u0111\u1ea1i ch\u00fang. R\u1ea5t nhi\u1ec1u nghi\u00ean c\u1ee9u khoa h\u1ecdc \u0111\u00e3 ch\u1ee9ng minh c\u00e1c t\u00e1c d\u1ee5ng t\u00edch c\u1ef1c c\u1ee7a Thi\u1ec1n \u0111\u1ecbnh l\u00ean ho\u1ea1t \u0111\u1ed9ng n\u00e3o b\u1ed9 con ng\u01b0\u1eddi.<\/p>\n<p>Trong v\u00f5 \u0111\u01b0\u1eddng Thanh Long Tr\u01b0\u1eddng S\u01a1n, V\u00f5 luy\u1ec7n \u0111\u01b0\u1ee3c k\u1ebft h\u1ee3p v\u1edbi c\u00e1c b\u00e0i t\u1eadp Thi\u1ec1n \u0111\u1ecbnh \u0111\u01b0\u1ee3c ch\u1ecdn l\u1ecdc v\u00e0 h\u01b0\u1edbng d\u1eabn b\u1edfi L\u00e3o S\u01b0 D\u00e2n Vi\u1ec7t. Nh\u1eefng b\u00e0i t\u1eadp n\u00e0y b\u1eaft \u0111\u1ea7u b\u1eb1ng m\u1ed9t giai \u0111o\u1ea1n chu\u1ea9n b\u1ecb bao g\u1ed3m c\u00e1c b\u00e0i t\u1eadp v\u1ec1 h\u00edt th\u1edf v\u00e0 h\u00f4 h\u1ea5p n\u0103ng l\u01b0\u1ee3ng. Thi\u1ec1n \u0111\u1ecbnh \u0111\u01b0\u1ee3c gi\u1ea3ng d\u1ea1y trong c\u00e1c kho\u00e1 t\u1eadp hu\u1ea5n di\u1ec5n ra trong n\u0103m v\u00e0 \u0111\u1eb7c bi\u1ec7t v\u1edbi c\u01b0\u1eddng \u0111\u1ed9 cao h\u01a1n trong kho\u00e1 t\u1eadp hu\u1ea5n m\u00f9a h\u00e8.<\/p>\n<\/div>","protected":false},"excerpt":{"rendered":"<p>Kh\u00ed \u0110\u1ea1o \u0110\u01b0\u1eddng (\u0110\u1ea1o) N\u0103ng l\u01b0\u1ee3ng (Kh\u00ed) Ban \u0111\u1ea7u ch\u1ec9 d\u00e0nh cho nh\u1eefng m\u00f4n \u0111\u1ed3 l\u00e2u \u0111\u1eddi v\u00e0 chuy\u00ean c\u1ea7n nh\u1ea5t, nh\u01b0ng t\u1eeb kho\u1ea3ng m\u1ed9t th\u1eadp k\u1ef7 nay, Tr\u01b0\u1eddng Ph\u00e1i N\u1ed9i Gia \u0111\u00e3 \u0111\u01b0\u1ee3c gi\u1ea3ng d\u1ea1y r\u1ed9ng r\u00e3i cho t\u1ea5t &hellip; <a href=\"https:\/\/thanhlongtruongson.com\/vi\/les-styles\/style-interne\">Continued<\/a><\/p>\n","protected":false},"author":1,"featured_media":1153,"parent":387,"menu_order":0,"comment_status":"closed","ping_status":"closed","template":"page-feature.php","meta":{"_monsterinsights_skip_tracking":false,"_monsterinsights_sitenote_active":false,"_monsterinsights_sitenote_note":"","_monsterinsights_sitenote_category":0,"footnotes":""},"class_list":["post-390","page","type-page","status-publish","has-post-thumbnail","hentry"],"_links":{"self":[{"href":"https:\/\/thanhlongtruongson.com\/vi\/wp-json\/wp\/v2\/pages\/390","targetHints":{"allow":["GET"]}}],"collection":[{"href":"https:\/\/thanhlongtruongson.com\/vi\/wp-json\/wp\/v2\/pages"}],"about":[{"href":"https:\/\/thanhlongtruongson.com\/vi\/wp-json\/wp\/v2\/types\/page"}],"author":[{"embeddable":true,"href":"https:\/\/thanhlongtruongson.com\/vi\/wp-json\/wp\/v2\/users\/1"}],"replies":[{"embeddable":true,"href":"https:\/\/thanhlongtruongson.com\/vi\/wp-json\/wp\/v2\/comments?post=390"}],"version-history":[{"count":42,"href":"https:\/\/thanhlongtruongson.com\/vi\/wp-json\/wp\/v2\/pages\/390\/revisions"}],"predecessor-version":[{"id":1794,"href":"https:\/\/thanhlongtruongson.com\/vi\/wp-json\/wp\/v2\/pages\/390\/revisions\/1794"}],"up":[{"embeddable":true,"href":"https:\/\/thanhlongtruongson.com\/vi\/wp-json\/wp\/v2\/pages\/387"}],"wp:featuredmedia":[{"embeddable":true,"href":"https:\/\/thanhlongtruongson.com\/vi\/wp-json\/wp\/v2\/media\/1153"}],"wp:attachment":[{"href":"https:\/\/thanhlongtruongson.com\/vi\/wp-json\/wp\/v2\/media?parent=390"}],"curies":[{"name":"wp","href":"https:\/\/api.w.org\/{rel}","templated":true}]}}