{"id":392,"date":"2017-09-06T13:44:25","date_gmt":"2017-09-06T11:44:25","guid":{"rendered":"https:\/\/thanhlongtruongson.com\/?page_id=392"},"modified":"2024-08-11T09:00:35","modified_gmt":"2024-08-11T07:00:35","slug":"style-externe","status":"publish","type":"page","link":"https:\/\/thanhlongtruongson.com\/vi\/les-styles\/style-externe","title":{"rendered":"Tr\u01b0\u1eddng Ph\u00e1i Ngo\u1ea1i Gia"},"content":{"rendered":"<div class=\"container-md\">\n<h3>V\u00f5 thu\u1eadt<\/h3>\n<p>M\u1ed9t trong nh\u1eefng l\u00fd do h\u00e0ng \u0111\u1ea7u khi\u1ebfn nhi\u1ec1u ng\u01b0\u1eddi tham gia c\u00e2u l\u1ea1c b\u1ed9 v\u00f5 thu\u1eadt l\u00e0 \u0111\u1ec3 h\u1ecdc k\u1ef9 n\u0103ng chi\u1ebfn \u0111\u1ea5u hay t\u1ef1 v\u1ec7. T\u1ea1i v\u00f5 \u0111\u01b0\u1eddng Thanh Long Tr\u01b0\u1eddng S\u01a1n, qu\u00e1 tr\u00ecnh r\u00e8n luy\u1ec7n V\u00f5 r\u1ea5t \u0111a d\u1ea1ng v\u1ec1 k\u1ef9 thu\u1eadt c\u0169ng nh\u01b0 ph\u01b0\u01a1ng ph\u00e1p \u0111\u00e0o t\u1ea1o.<\/p>\n<p>B\u00ean c\u1ea1nh c\u00e1c b\u00e0i t\u1eadp v\u1ec1 th\u1ec3 ch\u1ea5t, th\u01b0\u1eddng xuy\u00ean tham gia t\u1eadp luy\u1ec7n c\u0169ng l\u00e0 m\u1ed9t vi\u1ec7c r\u1ea5t quan tr\u1ecdng trong vi\u1ec7c ph\u00e1t tri\u1ec3n v\u00e0 ho\u00e0n thi\u1ec7n nh\u00e2n c\u00e1ch c\u1ee7a ng\u01b0\u1eddi h\u1ecdc v\u00f5. M\u1eb7c d\u00f9 h\u1ecdc vi\u00ean c\u00f3 th\u1ec3 t\u1ef1 luy\u1ec7n t\u1eadp m\u1ed9t m\u00ecnh, vi\u1ec7c th\u1ef1c t\u1eadp t\u1eadp th\u1ec3 \u1edf v\u00f5 \u0111\u01b0\u1eddng s\u1ebd gi\u00fap \u00edch r\u1ea5t nhi\u1ec1u \u0111\u1ec3 ti\u1ebfn b\u1ed9 nhanh h\u01a1n.<\/p>\n<p>Trong c\u1ed9ng \u0111\u1ed3ng v\u00f5 sinh, t\u00ecnh huynh \u0111\u1ec7, t\u00f4n s\u01b0 tr\u1ecdng \u0111\u1ea1o r\u1ea5t m\u1ef1c \u0111\u1ec1 cao v\u00e0 khuy\u1ebfn kh\u00edch c\u00e1c v\u00f5 sinh truy\u1ec1n d\u1ea1y l\u1ea1i cho h\u1ecdc vi\u00ean t\u01b0\u01a1ng lai. \u0110\u00e2y l\u00e0 nh\u1eefng gi\u00e1 tr\u1ecb c\u1ed1t l\u00f5i c\u1ee7a d\u00f2ng v\u00f5 Thanh Long Tr\u01b0\u1eddng S\u01a1n.<\/p>\n<p>&nbsp;<\/p>\n<h3>K\u1ef9 thu\u1eadt ph\u00f2ng v\u1ec7 tay kh\u00f4ng<\/h3>\n<p>T\u1eadp luy\u1ec7n tay kh\u00f4ng gi\u00fap t\u0103ng c\u01b0\u1eddng s\u1ef1 linh ho\u1ea1t, th\u0103ng b\u1eb1ng, s\u1ee9c m\u1ea1nh, s\u1ef1 linh \u0111\u1ed9ng v\u00e0 l\u00e0m r\u1eafn ch\u1eafc c\u01a1 b\u1eafp.<\/p>\n<p>Tr\u01b0\u1edbc ti\u00ean, v\u00f5 sinh s\u1ebd \u0111\u01b0\u1ee3c h\u1ecdc nh\u1eefng k\u1ef9 thu\u1eadt c\u0103n b\u1ea3n theo c\u00e1c nguy\u00ean l\u00fd gi\u1ea3ng d\u1ea1y b\u1edfi L\u00e3o S\u01b0 v\u00e0 v\u00f5 s\u01b0 t\u1ea1i v\u00f5 \u0111\u01b0\u1eddng, sau \u0111\u00f3 \u00e1p d\u1ee5ng trong song luy\u1ec7n. V\u00f5 sinh c\u0169ng s\u1ebd h\u1ecdc c\u00e1c \u0111\u00f2n t\u1ea5n c\u00f4ng \u0111\u1ec3 \u0111\u1ea3m b\u1ea3o s\u1ef1 hi\u1ec7u qu\u1ea3 trong ph\u00f2ng v\u1ec7. \u0110\u1eb7c bi\u1ec7t m\u1ed9t s\u1ed1 k\u1ef9 thu\u1eadt c\u1ee7a tr\u01b0\u1eddng v\u1eeba l\u00e0 t\u1ea5n c\u00f4ng v\u1eeba l\u00e0 ph\u00f2ng v\u1ec7.<\/p>\n<p>Ph\u00f2ng v\u1ec7 v\u00e0 t\u1ea5n c\u00f4ng \u0111\u01b0\u1ee3c th\u1ef1c hi\u1ec7n b\u1eb1ng to\u00e0n l\u1ef1c nh\u01b0ng c\u00e1c \u0111\u00f2n ph\u1ea3n c\u00f4ng th\u00ec \u0111\u01b0\u1ee3c l\u00e0m ch\u1ee7 v\u00e0 h\u1ea1n ch\u1ebf \u0111\u1ec3 kh\u00f4ng l\u00e0m b\u1ecb th\u01b0\u01a1ng ng\u01b0\u1eddi t\u1eadp c\u00f9ng.<\/p>\n<p>Th\u1ee9 hai, v\u00f5 sinh s\u1ebd t\u1eadp luy\u1ec7n c\u00e1c k\u1ef9 thu\u1eadt tay kh\u00f4ng n\u00e0y d\u01b0\u1edbi d\u1ea1ng c\u00e1c chu\u1ed7i \u0111\u1ed9ng t\u00e1c: b\u00e0i quy\u1ec1n, b\u1ed9 ph\u00e1p, di chuy\u1ec3n theo B\u00e1t Qu\u00e1i &#8211; t\u1eadp h\u1ee3p nh\u1eefng k\u1ef9 thu\u1eadt \u0111\u01b0\u1ee3c gi\u1ea3ng d\u1ea1y v\u00e0 th\u1ef1c h\u00e0nh trong tr\u01b0\u1eddng.<\/p>\n<p>&nbsp;<\/p>\n<script type=\"text\/javascript\">\r\ndocument.addEventListener(\"DOMContentLoaded\", function(event) { \r\n\tjQuery( '#slider-pro-3-1285' ).sliderPro({\r\n\t\t\/\/width\r\n\t\t\t\twidth: 600,\r\n\t\t\t\t\r\n\t\t\/\/height\r\n\t\t\t\tautoHeight: true,\r\n\t\t\t\t\r\n\t\t\/\/auto play\r\n\t\t\t\t\t\t\t\tautoplay:  false,\r\n\t\t\t\tautoplayDelay: 5000,\r\n\t\t\r\n\t\t\r\n\t\tarrows: true,\r\n\t\tbuttons: true,\r\n\t\tsmallSize: 500,\r\n\t\tmediumSize: 1000,\r\n\t\tlargeSize: 3000,\r\n\t\tfade: true,\r\n\t\t\r\n\t\t\/\/thumbnail\r\n\t\tthumbnailArrows: true,\r\n\t\tthumbnailWidth: 120,\r\n\t\tthumbnailHeight: 120,\r\n\t\t\t\t\t\tthumbnailsPosition: 'bottom',\r\n\t\t\t\t\t\tcenterImage: true,\r\n\t\timageScaleMode: 'cover',\r\n\t\tallowScaleUp: true,\r\n\t\t\t\tstartSlide: 0,\r\n\t\tloop: true,\r\n\t\tslideDistance: 5,\r\n\t\tautoplayDirection: 'normal',\r\n\t\ttouchSwipe: true,\r\n\t\tfullScreen: true,\r\n\t});\r\n});\r\n<\/script>\r\n\r\n\t\t<div id=\"slider-pro-3-1285\" class=\"slider-pro\">\r\n\t\t\t<!---- slides div start ---->\r\n\t\t\t<div class=\"sp-slides\">\r\n\t\t\t\t\t\t\t\t\t\t<div class=\"sp-slide\">\r\n\t\t\t\t\t\t\t<img decoding=\"async\" class=\"sp-image\" loading=\"lazy\" alt=\"\" src=\"https:\/\/thanhlongtruongson.com\/wp-content\/plugins\/ultimate-responsive-image-slider\/assets\/css\/images\/blank.gif\" data-src=\"https:\/\/thanhlongtruongson.com\/wp-content\/uploads\/2018\/04\/master-demo.jpg\" \/>\r\n\r\n\t\t\t\t\t\t\t\r\n\t\t\t\t\t\t\t\t\t\t\t\t\t<\/div>\r\n\t\t\t\t\t\t\t\t\t\t\t\t<div class=\"sp-slide\">\r\n\t\t\t\t\t\t\t<img decoding=\"async\" class=\"sp-image\" loading=\"lazy\" alt=\"\" src=\"https:\/\/thanhlongtruongson.com\/wp-content\/plugins\/ultimate-responsive-image-slider\/assets\/css\/images\/blank.gif\" data-src=\"https:\/\/thanhlongtruongson.com\/wp-content\/uploads\/2019\/07\/barehanded.jpg\" \/>\r\n\r\n\t\t\t\t\t\t\t\r\n\t\t\t\t\t\t\t\t\t\t\t\t\t<\/div>\r\n\t\t\t\t\t\t\t\t\t\t\t\t<div class=\"sp-slide\">\r\n\t\t\t\t\t\t\t<img decoding=\"async\" class=\"sp-image\" loading=\"lazy\" alt=\"\" src=\"https:\/\/thanhlongtruongson.com\/wp-content\/plugins\/ultimate-responsive-image-slider\/assets\/css\/images\/blank.gif\" data-src=\"https:\/\/thanhlongtruongson.com\/wp-content\/uploads\/2018\/05\/stage-enfants-loudes-6-mars-2016-004.jpg\" \/>\r\n\r\n\t\t\t\t\t\t\t\r\n\t\t\t\t\t\t\t\t\t\t\t\t\t<\/div>\r\n\t\t\t\t\t\t\t\t\t<\/div>\r\n\t\t\t\r\n\t\t\t<!---- slides div end ---->\r\n\t\t\t\t\t\t<!-- slides thumbnails div end -->\r\n\t\t<\/div>\r\n\t\t<style>\r\n\/* Layout 3 *\/\r\n\/* border *\/\r\n#slider-pro-3-1285 .sp-selected-thumbnail {\r\n\tborder: 4px solid #000000;\r\n}\r\n\r\n\/* font + color *\/\r\n.title-in  {\r\n\tfont-family: Arial !important;\r\n\tcolor: #000000 !important;\r\n\tbackground-color: #FFFFFF !important;\r\n\topacity: 0.7 !important;\r\n}\r\n.desc-in  {\r\n\tfont-family: Arial !important;\r\n\tcolor: #FFFFFF !important;\r\n\tbackground-color: #000000 !important;\r\n\topacity: 0.7 !important;\r\n}\r\n\r\n\/* bullets color *\/\r\n.sp-button  {\r\n\tborder: 2px solid #000000 !important;\r\n}\r\n.sp-selected-button  {\r\n\tbackground-color: #000000 !important;\r\n}\r\n\r\n\/* pointer color - bottom *\/\r\n.sp-selected-thumbnail::before {\r\n\tborder-bottom: 5px solid #000000 !important;\r\n}\r\n.sp-selected-thumbnail::after {\r\n\tborder-bottom: 13px solid #000000 !important;\r\n}\r\n\r\n\/* pointer color - top *\/\r\n\r\n\/* full screen icon *\/\r\n.sp-full-screen-button::before {\r\n    color: #FFFFFF !important;\r\n}\r\n\r\n\/* hover navigation icon color *\/\r\n.sp-next-arrow::after, .sp-next-arrow::before {\r\n\tbackground-color: #FFFFFF !important;\r\n}\r\n.sp-previous-arrow::after, .sp-previous-arrow::before {\r\n\tbackground-color: #FFFFFF !important;\r\n}\r\n\r\n#slider-pro-3-1285 .title-in {\r\n\tcolor: #000000 !important;\r\n\tfont-weight: bolder;\r\n\ttext-align: center;\r\n}\r\n\r\n#slider-pro-3-1285 .title-in-bg {\r\n\tbackground: rgba(255, 255, 255, 0.7); !important;\r\n\twhite-space: unset !important;\r\n\ttransform: initial !important;\r\n\t-webkit-transform: initial !important;\r\n\tfont-size: 14px !important;\r\n}\r\n\r\n#slider-pro-3-1285 .desc-in {\r\n\tcolor: #FFFFFF !important;\r\n\ttext-align: center;\r\n}\r\n#slider-pro-3-1285 .desc-in-bg {\r\n\tbackground: rgba(#000000, 0.7) !important;\r\n\twhite-space: unset !important;\r\n\ttransform: initial !important;\r\n\t-webkit-transform: initial !important;\r\n\tfont-size: 13px !important;\r\n}\r\n\r\n@media (max-width: 640px) {\r\n\t#slider-pro-3-1285 .hide-small-screen {\r\n\t\tdisplay: none;\r\n\t}\r\n}\r\n\r\n@media (max-width: 860px) {\r\n\t#slider-pro-3-1285 .sp-layer {\r\n\t\tfont-size: 18px;\r\n\t}\r\n\t\r\n\t#slider-pro-3-1285 .hide-medium-screen {\r\n\t\tdisplay: none;\r\n\t}\r\n}\r\n.slides-not-found {\r\n\tbackground-color: #a92929;\r\n\tborder-radius: 5px;\r\n\tcolor: #fff;\r\n\tfont-family: initial;\r\n\ttext-align: center;\r\n\tpadding:12px;\r\n}\r\n\/* Custom CSS *\/\r\n<\/style>\r\n\n<hr \/>\n<h3>Binh kh\u00ed truy\u1ec1n th\u1ed1ng<\/h3>\n<p>V\u00f5 \u0111\u01b0\u1eddng Thanh Long Tr\u01b0\u1eddng S\u01a1n truy\u1ec1n d\u1ea1y v\u00e0 t\u1eadp luy\u1ec7n v\u1edbi c\u00e1c lo\u1ea1i binh kh\u00ed truy\u1ec1n th\u1ed1ng nh\u01b0 b\u1ed5ng (g\u1eady g\u1ed7 d\u00e0i), ki\u1ebfm, \u0111ao, th\u01b0\u01a1ng, Long-Gian hay c\u00f4n nh\u1ecb kh\u00fac c\u1ee7a Vi\u1ec7t Nam), qu\u1ea1t, d\u00e2y th\u1eebng, dao g\u0103m, vv<\/p>\n<p>B\u1ed5ng (g\u00e2y) l\u00e0 binh kh\u00ed c\u01a1 b\u1ea3n m\u00e0 c\u00e1c v\u00f5 sinh khi m\u1edbi b\u1eaft \u0111\u1ea7u h\u1ecdc ph\u1ea3i l\u00e0m quen tr\u01b0\u1edbc khi \u0111\u01b0\u1ee3c l\u1ef1a ch\u1ecdn v\u0169 kh\u00ed kh\u00e1c ph\u00f9 h\u1ee3p h\u01a1n v\u1edbi b\u1ea3n th\u00e2n m\u00ecnh.<\/p>\n<p>Qu\u00e1 tr\u00ecnh h\u1ecdc cho \u0111\u1ebfn khi tinh th\u00f4ng c\u00e1c lo\u1ea1i binh kh\u00ed r\u1ea5t l\u00e2u d\u00e0i v\u00e0 \u0111\u00f2i h\u1ecfi m\u1ed9t v\u00e0i n\u0103m r\u00e8n luy\u1ec7n. M\u1ed7i v\u00f5 sinh c\u00f3 th\u1ec3 am luy\u1ec7n m\u1ed9t ho\u1eb7c nhi\u1ec1u lo\u1ea1i binh kh\u00ed. T\u1eadp binh kh\u00ed \u0111i k\u00e8m v\u1edbi v\u00f5 thu\u1eadt tay kh\u00f4ng gi\u00fap t\u0103ng c\u01b0\u1eddng s\u1ef1 hi\u1ec3u bi\u1ebft v\u1ec1 th\u0103ng b\u1eb1ng, kho\u1ea3ng c\u00e1ch v\u00e0 c\u1ed1t l\u00f5i c\u1ee7a c\u00e1c k\u1ef9 thu\u1eadt nh\u1ea5t \u0111\u1ecbnh.<\/p>\n<p>Vi\u1ec7c s\u1eed d\u1ee5ng v\u00e0 t\u1eadp luy\u1ec7n v\u1edbi binh kh\u00ed ch\u1ec9 \u0111\u01b0\u1ee3c cho ph\u00e9p thi h\u00e0nh trong c\u00e1c bu\u1ed5i t\u1eadp li\u00ean quan v\u00e0 d\u01b0\u1edbi s\u1ef1 ch\u1ec9 d\u1eabn c\u1ee7a L\u00e3o S\u01b0 ho\u1eb7c v\u00f5 s\u01b0.<\/p>\n<p>&nbsp;<\/p>\n<script type=\"text\/javascript\">\r\ndocument.addEventListener(\"DOMContentLoaded\", function(event) { \r\n\tjQuery( '#slider-pro-3-1290' ).sliderPro({\r\n\t\t\/\/width\r\n\t\t\t\twidth: 600,\r\n\t\t\t\t\r\n\t\t\/\/height\r\n\t\t\t\theight: 500,\r\n\t\t\t\t\r\n\t\t\/\/auto play\r\n\t\t\t\t\t\t\t\tautoplay:  false,\r\n\t\t\t\tautoplayDelay: 5000,\r\n\t\t\r\n\t\t\r\n\t\tarrows: true,\r\n\t\tbuttons: true,\r\n\t\tsmallSize: 500,\r\n\t\tmediumSize: 1000,\r\n\t\tlargeSize: 3000,\r\n\t\tfade: true,\r\n\t\t\r\n\t\t\/\/thumbnail\r\n\t\tthumbnailArrows: true,\r\n\t\tthumbnailWidth: 120,\r\n\t\tthumbnailHeight: 120,\r\n\t\t\t\t\t\tthumbnailsPosition: 'bottom',\r\n\t\t\t\t\t\tcenterImage: true,\r\n\t\timageScaleMode: 'cover',\r\n\t\tallowScaleUp: true,\r\n\t\t\t\tstartSlide: 0,\r\n\t\tloop: true,\r\n\t\tslideDistance: 5,\r\n\t\tautoplayDirection: 'normal',\r\n\t\ttouchSwipe: true,\r\n\t\tfullScreen: true,\r\n\t});\r\n});\r\n<\/script>\r\n\r\n\t\t<div id=\"slider-pro-3-1290\" class=\"slider-pro\">\r\n\t\t\t<!---- slides div start ---->\r\n\t\t\t<div class=\"sp-slides\">\r\n\t\t\t\t\t\t\t\t\t\t<div class=\"sp-slide\">\r\n\t\t\t\t\t\t\t<img decoding=\"async\" class=\"sp-image\" loading=\"lazy\" alt=\"\" src=\"https:\/\/thanhlongtruongson.com\/wp-content\/plugins\/ultimate-responsive-image-slider\/assets\/css\/images\/blank.gif\" data-src=\"https:\/\/thanhlongtruongson.com\/wp-content\/uploads\/2018\/05\/bonggroup.jpg\" \/>\r\n\r\n\t\t\t\t\t\t\t\r\n\t\t\t\t\t\t\t\t\t\t\t\t\t<\/div>\r\n\t\t\t\t\t\t\t\t\t\t\t\t<div class=\"sp-slide\">\r\n\t\t\t\t\t\t\t<img decoding=\"async\" class=\"sp-image\" loading=\"lazy\" alt=\"\" src=\"https:\/\/thanhlongtruongson.com\/wp-content\/plugins\/ultimate-responsive-image-slider\/assets\/css\/images\/blank.gif\" data-src=\"https:\/\/thanhlongtruongson.com\/wp-content\/uploads\/2018\/05\/fangroup.jpg\" \/>\r\n\r\n\t\t\t\t\t\t\t\r\n\t\t\t\t\t\t\t\t\t\t\t\t\t<\/div>\r\n\t\t\t\t\t\t\t\t\t\t\t\t<div class=\"sp-slide\">\r\n\t\t\t\t\t\t\t<img decoding=\"async\" class=\"sp-image\" loading=\"lazy\" alt=\"\" src=\"https:\/\/thanhlongtruongson.com\/wp-content\/plugins\/ultimate-responsive-image-slider\/assets\/css\/images\/blank.gif\" data-src=\"https:\/\/thanhlongtruongson.com\/wp-content\/uploads\/2018\/05\/thuonggroup.jpg\" \/>\r\n\r\n\t\t\t\t\t\t\t\r\n\t\t\t\t\t\t\t\t\t\t\t\t\t<\/div>\r\n\t\t\t\t\t\t\t\t\t<\/div>\r\n\t\t\t\r\n\t\t\t<!---- slides div end ---->\r\n\t\t\t\t\t\t<!-- slides thumbnails div end -->\r\n\t\t<\/div>\r\n\t\t<style>\r\n\/* Layout 3 *\/\r\n\/* border *\/\r\n#slider-pro-3-1290 .sp-selected-thumbnail {\r\n\tborder: 4px solid #000000;\r\n}\r\n\r\n\/* font + color *\/\r\n.title-in  {\r\n\tfont-family: Arial !important;\r\n\tcolor: #000000 !important;\r\n\tbackground-color: #FFFFFF !important;\r\n\topacity: 0.7 !important;\r\n}\r\n.desc-in  {\r\n\tfont-family: Arial !important;\r\n\tcolor: #FFFFFF !important;\r\n\tbackground-color: #000000 !important;\r\n\topacity: 0.7 !important;\r\n}\r\n\r\n\/* bullets color *\/\r\n.sp-button  {\r\n\tborder: 2px solid #000000 !important;\r\n}\r\n.sp-selected-button  {\r\n\tbackground-color: #000000 !important;\r\n}\r\n\r\n\/* pointer color - bottom *\/\r\n.sp-selected-thumbnail::before {\r\n\tborder-bottom: 5px solid #000000 !important;\r\n}\r\n.sp-selected-thumbnail::after {\r\n\tborder-bottom: 13px solid #000000 !important;\r\n}\r\n\r\n\/* pointer color - top *\/\r\n\r\n\/* full screen icon *\/\r\n.sp-full-screen-button::before {\r\n    color: #FFFFFF !important;\r\n}\r\n\r\n\/* hover navigation icon color *\/\r\n.sp-next-arrow::after, .sp-next-arrow::before {\r\n\tbackground-color: #FFFFFF !important;\r\n}\r\n.sp-previous-arrow::after, .sp-previous-arrow::before {\r\n\tbackground-color: #FFFFFF !important;\r\n}\r\n\r\n#slider-pro-3-1290 .title-in {\r\n\tcolor: #000000 !important;\r\n\tfont-weight: bolder;\r\n\ttext-align: center;\r\n}\r\n\r\n#slider-pro-3-1290 .title-in-bg {\r\n\tbackground: rgba(255, 255, 255, 0.7); !important;\r\n\twhite-space: unset !important;\r\n\ttransform: initial !important;\r\n\t-webkit-transform: initial !important;\r\n\tfont-size: 14px !important;\r\n}\r\n\r\n#slider-pro-3-1290 .desc-in {\r\n\tcolor: #FFFFFF !important;\r\n\ttext-align: center;\r\n}\r\n#slider-pro-3-1290 .desc-in-bg {\r\n\tbackground: rgba(#000000, 0.7) !important;\r\n\twhite-space: unset !important;\r\n\ttransform: initial !important;\r\n\t-webkit-transform: initial !important;\r\n\tfont-size: 13px !important;\r\n}\r\n\r\n@media (max-width: 640px) {\r\n\t#slider-pro-3-1290 .hide-small-screen {\r\n\t\tdisplay: none;\r\n\t}\r\n}\r\n\r\n@media (max-width: 860px) {\r\n\t#slider-pro-3-1290 .sp-layer {\r\n\t\tfont-size: 18px;\r\n\t}\r\n\t\r\n\t#slider-pro-3-1290 .hide-medium-screen {\r\n\t\tdisplay: none;\r\n\t}\r\n}\r\n.slides-not-found {\r\n\tbackground-color: #a92929;\r\n\tborder-radius: 5px;\r\n\tcolor: #fff;\r\n\tfont-family: initial;\r\n\ttext-align: center;\r\n\tpadding:12px;\r\n}\r\n\/* Custom CSS *\/\r\n<\/style>\r\n\n<hr \/>\n<h3>Song \u0111\u1ea5u v\u00e0 t\u1ec9 th\u00ed<\/h3>\n<p>Song \u0111\u1ea5u c\u00f3 n\u1ed9i quy c\u00f3 th\u1ec3 \u0111\u01b0\u1ee3c t\u1eadp \u1edf tr\u00ecnh \u0111\u1ed9 n\u00e2ng cao trong v\u00f5 \u0111\u01b0\u1eddng ho\u1eb7c c\u00e1c cu\u1ed9c t\u1ec9 th\u00ed ch\u00ednh th\u1ee9c. M\u1eb7c d\u00f9 thi \u0111\u1ea5u kh\u00f4ng ph\u1ea3i l\u00e0 m\u1ee5c ti\u00eau ch\u00ednh nh\u01b0ng t\u1eeb l\u00e2u nay tr\u01b0\u1eddng lu\u00f4n cho ra \u0111\u1eddi nh\u1eefng nh\u00e0 v\u00f4 \u0111\u1ecbch qu\u1ed1c gia trong m\u1ed7i th\u1ebf h\u1ec7 v\u00f5 sinh.<\/p>\n<p>M\u1ed9t v\u00e0i th\u1ec3 lo\u1ea1i t\u1ec9 th\u00ed bao g\u1ed3m: song \u0111\u1ea5u, k\u1ef9 thu\u1eadt tay kh\u00f4ng, Quy\u1ec1n v\u00e0 binh kh\u00ed.<\/p>\n<p>M\u1ee5c ti\u00eau c\u1ee7a t\u1ec9 th\u00ed l\u00e0 \u0111\u1ec3 qu\u1ea3ng b\u00e1 v\u00f5 thu\u1eadt tr\u01b0\u1edbc c\u00f4ng ch\u00fang v\u1edbi ti\u00eau ch\u00ed b\u1ea3o \u0111\u1ea3m an to\u00e0n cho ng\u01b0\u1eddi tham gia b\u1eb1ng c\u00e1ch \u0111\u01b0a ra c\u00e1c quy \u0111\u1ecbnh v\u00e0 s\u1eed d\u1ee5ng \u0111\u1ed3 b\u1ea3o h\u1ed9. Thi \u0111\u1ea5u ch\u1ee7 y\u1ebfu l\u00e0 v\u1ec1 bi\u1ec3u di\u1ec5n v\u00e0 th\u1ec3 thao, kh\u00f4ng n\u00ean nh\u1ea7m l\u1eabn v\u1edbi c\u00e1c nguy\u00ean t\u1eafc v\u00e0 k\u1ef9 thu\u1eadt ph\u00f2ng v\u1ec7 (\u0111\u1ec1 c\u1eadp \u1edf ph\u1ea7n tr\u01b0\u1edbc) c\u00f3 t\u1ed1 ch\u1ea5t s\u1ed1ng c\u00f2n trong \u0111\u1eddi th\u1ef1c.<\/p>\n<script type=\"text\/javascript\">\r\ndocument.addEventListener(\"DOMContentLoaded\", function(event) { \r\n\tjQuery( '#slider-pro-3-1295' ).sliderPro({\r\n\t\t\/\/width\r\n\t\t\t\twidth: 600,\r\n\t\t\t\t\r\n\t\t\/\/height\r\n\t\t\t\theight: 500,\r\n\t\t\t\t\r\n\t\t\/\/auto play\r\n\t\t\t\t\t\t\t\tautoplay:  false,\r\n\t\t\t\tautoplayDelay: 5000,\r\n\t\t\r\n\t\t\r\n\t\tarrows: true,\r\n\t\tbuttons: true,\r\n\t\tsmallSize: 500,\r\n\t\tmediumSize: 1000,\r\n\t\tlargeSize: 3000,\r\n\t\tfade: true,\r\n\t\t\r\n\t\t\/\/thumbnail\r\n\t\tthumbnailArrows: true,\r\n\t\tthumbnailWidth: 120,\r\n\t\tthumbnailHeight: 120,\r\n\t\t\t\t\t\tthumbnailsPosition: 'bottom',\r\n\t\t\t\t\t\tcenterImage: true,\r\n\t\timageScaleMode: 'cover',\r\n\t\tallowScaleUp: true,\r\n\t\t\t\tstartSlide: 0,\r\n\t\tloop: true,\r\n\t\tslideDistance: 5,\r\n\t\tautoplayDirection: 'normal',\r\n\t\ttouchSwipe: true,\r\n\t\tfullScreen: true,\r\n\t});\r\n});\r\n<\/script>\r\n\r\n\t\t<div id=\"slider-pro-3-1295\" class=\"slider-pro\">\r\n\t\t\t<!---- slides div start ---->\r\n\t\t\t<div class=\"sp-slides\">\r\n\t\t\t\t\t\t\t\t\t\t<div class=\"sp-slide\">\r\n\t\t\t\t\t\t\t<img decoding=\"async\" class=\"sp-image\" loading=\"lazy\" alt=\"\" src=\"https:\/\/thanhlongtruongson.com\/wp-content\/plugins\/ultimate-responsive-image-slider\/assets\/css\/images\/blank.gif\" data-src=\"https:\/\/thanhlongtruongson.com\/wp-content\/uploads\/2017\/09\/coupfrance17.jpg\" \/>\r\n\r\n\t\t\t\t\t\t\t\r\n\t\t\t\t\t\t\t\t\t\t\t\t\t<\/div>\r\n\t\t\t\t\t\t\t\t\t\t\t\t<div class=\"sp-slide\">\r\n\t\t\t\t\t\t\t<img decoding=\"async\" class=\"sp-image\" loading=\"lazy\" alt=\"\" src=\"https:\/\/thanhlongtruongson.com\/wp-content\/plugins\/ultimate-responsive-image-slider\/assets\/css\/images\/blank.gif\" data-src=\"https:\/\/thanhlongtruongson.com\/wp-content\/uploads\/2018\/05\/cup.jpg\" \/>\r\n\r\n\t\t\t\t\t\t\t\r\n\t\t\t\t\t\t\t\t\t\t\t\t\t<\/div>\r\n\t\t\t\t\t\t\t\t\t\t\t\t<div class=\"sp-slide\">\r\n\t\t\t\t\t\t\t<img decoding=\"async\" class=\"sp-image\" loading=\"lazy\" alt=\"\" src=\"https:\/\/thanhlongtruongson.com\/wp-content\/plugins\/ultimate-responsive-image-slider\/assets\/css\/images\/blank.gif\" data-src=\"https:\/\/thanhlongtruongson.com\/wp-content\/uploads\/2018\/08\/1f450dee3c5745728519db6915392f02.jpg\" \/>\r\n\r\n\t\t\t\t\t\t\t\r\n\t\t\t\t\t\t\t\t\t\t\t\t\t<\/div>\r\n\t\t\t\t\t\t\t\t\t<\/div>\r\n\t\t\t\r\n\t\t\t<!---- slides div end ---->\r\n\t\t\t\t\t\t<!-- slides thumbnails div end -->\r\n\t\t<\/div>\r\n\t\t<style>\r\n\/* Layout 3 *\/\r\n\/* border *\/\r\n#slider-pro-3-1295 .sp-selected-thumbnail {\r\n\tborder: 4px solid #000000;\r\n}\r\n\r\n\/* font + color *\/\r\n.title-in  {\r\n\tfont-family: Arial !important;\r\n\tcolor: #000000 !important;\r\n\tbackground-color: #FFFFFF !important;\r\n\topacity: 0.7 !important;\r\n}\r\n.desc-in  {\r\n\tfont-family: Arial !important;\r\n\tcolor: #FFFFFF !important;\r\n\tbackground-color: #000000 !important;\r\n\topacity: 0.7 !important;\r\n}\r\n\r\n\/* bullets color *\/\r\n.sp-button  {\r\n\tborder: 2px solid #000000 !important;\r\n}\r\n.sp-selected-button  {\r\n\tbackground-color: #000000 !important;\r\n}\r\n\r\n\/* pointer color - bottom *\/\r\n.sp-selected-thumbnail::before {\r\n\tborder-bottom: 5px solid #000000 !important;\r\n}\r\n.sp-selected-thumbnail::after {\r\n\tborder-bottom: 13px solid #000000 !important;\r\n}\r\n\r\n\/* pointer color - top *\/\r\n\r\n\/* full screen icon *\/\r\n.sp-full-screen-button::before {\r\n    color: #FFFFFF !important;\r\n}\r\n\r\n\/* hover navigation icon color *\/\r\n.sp-next-arrow::after, .sp-next-arrow::before {\r\n\tbackground-color: #FFFFFF !important;\r\n}\r\n.sp-previous-arrow::after, .sp-previous-arrow::before {\r\n\tbackground-color: #FFFFFF !important;\r\n}\r\n\r\n#slider-pro-3-1295 .title-in {\r\n\tcolor: #000000 !important;\r\n\tfont-weight: bolder;\r\n\ttext-align: center;\r\n}\r\n\r\n#slider-pro-3-1295 .title-in-bg {\r\n\tbackground: rgba(255, 255, 255, 0.7); !important;\r\n\twhite-space: unset !important;\r\n\ttransform: initial !important;\r\n\t-webkit-transform: initial !important;\r\n\tfont-size: 14px !important;\r\n}\r\n\r\n#slider-pro-3-1295 .desc-in {\r\n\tcolor: #FFFFFF !important;\r\n\ttext-align: center;\r\n}\r\n#slider-pro-3-1295 .desc-in-bg {\r\n\tbackground: rgba(#000000, 0.7) !important;\r\n\twhite-space: unset !important;\r\n\ttransform: initial !important;\r\n\t-webkit-transform: initial !important;\r\n\tfont-size: 13px !important;\r\n}\r\n\r\n@media (max-width: 640px) {\r\n\t#slider-pro-3-1295 .hide-small-screen {\r\n\t\tdisplay: none;\r\n\t}\r\n}\r\n\r\n@media (max-width: 860px) {\r\n\t#slider-pro-3-1295 .sp-layer {\r\n\t\tfont-size: 18px;\r\n\t}\r\n\t\r\n\t#slider-pro-3-1295 .hide-medium-screen {\r\n\t\tdisplay: none;\r\n\t}\r\n}\r\n.slides-not-found {\r\n\tbackground-color: #a92929;\r\n\tborder-radius: 5px;\r\n\tcolor: #fff;\r\n\tfont-family: initial;\r\n\ttext-align: center;\r\n\tpadding:12px;\r\n}\r\n\/* Custom CSS *\/\r\n<\/style>\r\n\n<p>&nbsp;<\/p>\n<\/div>","protected":false},"excerpt":{"rendered":"<p>V\u00f5 thu\u1eadt M\u1ed9t trong nh\u1eefng l\u00fd do h\u00e0ng \u0111\u1ea7u khi\u1ebfn nhi\u1ec1u ng\u01b0\u1eddi tham gia c\u00e2u l\u1ea1c b\u1ed9 v\u00f5 thu\u1eadt l\u00e0 \u0111\u1ec3 h\u1ecdc k\u1ef9 n\u0103ng chi\u1ebfn \u0111\u1ea5u hay t\u1ef1 v\u1ec7. T\u1ea1i v\u00f5 \u0111\u01b0\u1eddng Thanh Long Tr\u01b0\u1eddng S\u01a1n, qu\u00e1 tr\u00ecnh r\u00e8n luy\u1ec7n &hellip; <a href=\"https:\/\/thanhlongtruongson.com\/vi\/?p=1295\">Continued<\/a><\/p>\n","protected":false},"author":1,"featured_media":1154,"parent":387,"menu_order":1,"comment_status":"closed","ping_status":"closed","template":"page-feature.php","meta":{"_monsterinsights_skip_tracking":false,"_monsterinsights_sitenote_active":false,"_monsterinsights_sitenote_note":"","_monsterinsights_sitenote_category":0,"footnotes":""},"class_list":["post-392","page","type-page","status-publish","has-post-thumbnail","hentry"],"_links":{"self":[{"href":"https:\/\/thanhlongtruongson.com\/vi\/wp-json\/wp\/v2\/pages\/392","targetHints":{"allow":["GET"]}}],"collection":[{"href":"https:\/\/thanhlongtruongson.com\/vi\/wp-json\/wp\/v2\/pages"}],"about":[{"href":"https:\/\/thanhlongtruongson.com\/vi\/wp-json\/wp\/v2\/types\/page"}],"author":[{"embeddable":true,"href":"https:\/\/thanhlongtruongson.com\/vi\/wp-json\/wp\/v2\/users\/1"}],"replies":[{"embeddable":true,"href":"https:\/\/thanhlongtruongson.com\/vi\/wp-json\/wp\/v2\/comments?post=392"}],"version-history":[{"count":30,"href":"https:\/\/thanhlongtruongson.com\/vi\/wp-json\/wp\/v2\/pages\/392\/revisions"}],"predecessor-version":[{"id":1800,"href":"https:\/\/thanhlongtruongson.com\/vi\/wp-json\/wp\/v2\/pages\/392\/revisions\/1800"}],"up":[{"embeddable":true,"href":"https:\/\/thanhlongtruongson.com\/vi\/wp-json\/wp\/v2\/pages\/387"}],"wp:featuredmedia":[{"embeddable":true,"href":"https:\/\/thanhlongtruongson.com\/vi\/wp-json\/wp\/v2\/media\/1154"}],"wp:attachment":[{"href":"https:\/\/thanhlongtruongson.com\/vi\/wp-json\/wp\/v2\/media?parent=392"}],"curies":[{"name":"wp","href":"https:\/\/api.w.org\/{rel}","templated":true}]}}