{"id":394,"date":"2017-09-06T13:44:46","date_gmt":"2017-09-06T11:44:46","guid":{"rendered":"https:\/\/thanhlongtruongson.com\/?page_id=394"},"modified":"2024-08-11T08:28:08","modified_gmt":"2024-08-11T06:28:08","slug":"ou-pratiquer","status":"publish","type":"page","link":"https:\/\/thanhlongtruongson.com\/vi\/ou-pratiquer","title":{"rendered":"T\u1eadp luy\u1ec7n"},"content":{"rendered":"<div class=\"container-md\">D\u01b0\u1edbi \u0111\u00e2y l\u00e0 b\u1ea3n \u0111\u1ed3 c\u00e1c v\u00f5 \u0111\u01b0\u1eddng Vi\u1ec7t V\u00f5 \u0110\u1ea1o &#8211; Thanh Long Tr\u01b0\u1eddng S\u01a1n. Ch\u1ecdn v\u00e0 b\u1ea5m v\u00e0o bi\u1ec3u t\u01b0\u1ee3ng v\u1ecb tr\u00ed \u0111\u1ec3 xem \u0111\u1ecba ch\u1ec9, l\u1ecbch t\u1eadp luy\u1ec7n v\u00e0 th\u00f4ng tin li\u00ean h\u1ec7.<\/p>\n<style>\n    .google-maps {<br \/>\n        position: relative;<br \/>\n        padding-bottom: 75%; \/\/ This is the aspect ratio<br \/>\n        height: 0;<br \/>\n        overflow: hidden;<br \/>\n    }<br \/>\n    .google-maps iframe {<br \/>\n        position: absolute;<br \/>\n        top: 0;<br \/>\n        left: 0;<br \/>\n        width: 100% !important;<br \/>\n        height: 100% !important;<br \/>\n        max-height: 650px;<br \/>\n    }<br \/>\n<\/style>\n<div class=\"google-maps\"><iframe src=\"https:\/\/www.google.com\/maps\/d\/embed?mid=1UqUAjswoTi-oC3e6RTlGcHcu1Xw&amp;hl=fr\" width=\"600\" height=\"500\" frameborder=\"0\"><\/iframe><\/div>\n<\/div>","protected":false},"excerpt":{"rendered":"<p>D\u01b0\u1edbi \u0111\u00e2y l\u00e0 b\u1ea3n \u0111\u1ed3 c\u00e1c v\u00f5 \u0111\u01b0\u1eddng Vi\u1ec7t V\u00f5 \u0110\u1ea1o &#8211; Thanh Long Tr\u01b0\u1eddng S\u01a1n. Ch\u1ecdn v\u00e0 b\u1ea5m v\u00e0o bi\u1ec3u t\u01b0\u1ee3ng v\u1ecb tr\u00ed \u0111\u1ec3 xem \u0111\u1ecba ch\u1ec9, l\u1ecbch t\u1eadp luy\u1ec7n v\u00e0 th\u00f4ng tin li\u00ean h\u1ec7.<\/p>\n","protected":false},"author":1,"featured_media":0,"parent":0,"menu_order":0,"comment_status":"closed","ping_status":"closed","template":"page-fullwidth.php","meta":{"_monsterinsights_skip_tracking":false,"_monsterinsights_sitenote_active":false,"_monsterinsights_sitenote_note":"","_monsterinsights_sitenote_category":0,"footnotes":""},"class_list":["post-394","page","type-page","status-publish","hentry"],"_links":{"self":[{"href":"https:\/\/thanhlongtruongson.com\/vi\/wp-json\/wp\/v2\/pages\/394","targetHints":{"allow":["GET"]}}],"collection":[{"href":"https:\/\/thanhlongtruongson.com\/vi\/wp-json\/wp\/v2\/pages"}],"about":[{"href":"https:\/\/thanhlongtruongson.com\/vi\/wp-json\/wp\/v2\/types\/page"}],"author":[{"embeddable":true,"href":"https:\/\/thanhlongtruongson.com\/vi\/wp-json\/wp\/v2\/users\/1"}],"replies":[{"embeddable":true,"href":"https:\/\/thanhlongtruongson.com\/vi\/wp-json\/wp\/v2\/comments?post=394"}],"version-history":[{"count":65,"href":"https:\/\/thanhlongtruongson.com\/vi\/wp-json\/wp\/v2\/pages\/394\/revisions"}],"predecessor-version":[{"id":1798,"href":"https:\/\/thanhlongtruongson.com\/vi\/wp-json\/wp\/v2\/pages\/394\/revisions\/1798"}],"wp:attachment":[{"href":"https:\/\/thanhlongtruongson.com\/vi\/wp-json\/wp\/v2\/media?parent=394"}],"curies":[{"name":"wp","href":"https:\/\/api.w.org\/{rel}","templated":true}]}}