{"id":397,"date":"2017-09-06T13:45:55","date_gmt":"2017-09-06T11:45:55","guid":{"rendered":"https:\/\/thanhlongtruongson.com\/?page_id=397"},"modified":"2025-11-13T09:45:06","modified_gmt":"2025-11-13T08:45:06","slug":"stages","status":"publish","type":"page","link":"https:\/\/thanhlongtruongson.com\/vi\/stages","title":{"rendered":"Kho\u00e1 t\u1eadp hu\u1ea5n"},"content":{"rendered":"<div class=\"container-md\">\n<p>B\u00ean c\u1ea1nh vi\u1ec7c t\u1eadp luy\u1ec7n th\u01b0\u1eddng ng\u00e0y t\u1ea1i v\u00f5 \u0111\u01b0\u1eddng, c\u00e1c v\u00f5 sinh tr\u01b0\u1eddng ph\u00e1i Thanh Long Tr\u01b0\u1eddng S\u01a1n c\u0169ng th\u01b0\u1eddng xuy\u00ean tham d\u1ef1 c\u00e1c kho\u00e1 t\u1eadp hu\u1ea5n c\u00f9ng nhau v\u00e0o cu\u1ed1i tu\u1ea7n ho\u1eb7c tr\u1ecdn m\u1ed9t tu\u1ea7n v\u00e0o m\u00f9a h\u00e8. Trong th\u1eddi gian t\u1eadp hu\u1ea5n, c\u00e1c v\u00f5 sinh t\u1eadp luy\u1ec7n nhi\u1ec1u gi\u1edd m\u1ed7i ng\u00e0y d\u01b0\u1edbi s\u1ef1 ch\u1ec9 d\u1eabn c\u1ee7a L\u00e3o S\u01b0 D\u00e2n Vi\u1ec7t G\u00e9rard. Tr\u01b0\u1eddng lu\u00f4n c\u00f3 kho\u00e1 d\u00e0nh cho ng\u01b0\u1eddi h\u1ecdc \u1edf m\u1ecdi c\u1ea5p \u0111\u1ed9 v\u00e0 c\u0169ng bao g\u1ed3m m\u1ed9t v\u00e0i kho\u00e1 ch\u1ec9 d\u00e0nh ri\u00eang cho ng\u01b0\u1eddi v\u1edbi c\u1ea5p b\u1eadc nh\u1ea5t \u0111\u1ecbnh (\u0111ai xanh l\u1ee5c, \u0111ai \u0111en) ho\u1eb7c t\u1eadp trung v\u00e0o c\u00e1c ch\u1ee7 \u0111\u1ec1 kh\u00e1c nhau nh\u01b0: Kh\u00ed \u0110\u1ea1o, V\u0169 kh\u00ed, vv<\/p>\n<p>Li\u00ean h\u1ec7 v\u1edbi gi\u00e1o vi\u00ean t\u1ea1i v\u00f5 \u0111\u01b0\u1eddng c\u1ee7a b\u1ea1n \u0111\u1ec3 \u0111\u0103ng k\u00fd tham gia t\u1eadp hu\u1ea5n.<\/p>\n<p>&nbsp;<\/p>\n<p style=\"text-align: center;\">Danh s\u00e1ch c\u00e1c kho\u00e1 t\u1eadp hu\u1ea5n \u1edf Ph\u00e1p (b\u1eb1ng ti\u1ebfng Ph\u00e1p);<\/p>\n<p style=\"text-align: center;\"><a href=\"https:\/\/thanhlongtruongson.com\/wp-content\/uploads\/2025\/11\/calendrier_12novembre2025.pdf\" target=\"_blank\" rel=\"noopener noreferrer\">XEM L\u1ecaCH T\u1eacP HU\u1ea4N N\u0102M 2025-2026 (PDF)<\/a><\/p>\n<p style=\"text-align: center;\">\n<\/div>","protected":false},"excerpt":{"rendered":"<p>B\u00ean c\u1ea1nh vi\u1ec7c t\u1eadp luy\u1ec7n th\u01b0\u1eddng ng\u00e0y t\u1ea1i v\u00f5 \u0111\u01b0\u1eddng, c\u00e1c v\u00f5 sinh tr\u01b0\u1eddng ph\u00e1i Thanh Long Tr\u01b0\u1eddng S\u01a1n c\u0169ng th\u01b0\u1eddng xuy\u00ean tham d\u1ef1 c\u00e1c kho\u00e1 t\u1eadp hu\u1ea5n c\u00f9ng nhau v\u00e0o cu\u1ed1i tu\u1ea7n ho\u1eb7c tr\u1ecdn m\u1ed9t tu\u1ea7n v\u00e0o m\u00f9a h\u00e8. &hellip; <a href=\"https:\/\/thanhlongtruongson.com\/vi\/stages\">Continued<\/a><\/p>\n","protected":false},"author":1,"featured_media":1512,"parent":0,"menu_order":4,"comment_status":"closed","ping_status":"closed","template":"page-feature.php","meta":{"_monsterinsights_skip_tracking":false,"_monsterinsights_sitenote_active":false,"_monsterinsights_sitenote_note":"","_monsterinsights_sitenote_category":0,"footnotes":""},"class_list":["post-397","page","type-page","status-publish","has-post-thumbnail","hentry"],"_links":{"self":[{"href":"https:\/\/thanhlongtruongson.com\/vi\/wp-json\/wp\/v2\/pages\/397","targetHints":{"allow":["GET"]}}],"collection":[{"href":"https:\/\/thanhlongtruongson.com\/vi\/wp-json\/wp\/v2\/pages"}],"about":[{"href":"https:\/\/thanhlongtruongson.com\/vi\/wp-json\/wp\/v2\/types\/page"}],"author":[{"embeddable":true,"href":"https:\/\/thanhlongtruongson.com\/vi\/wp-json\/wp\/v2\/users\/1"}],"replies":[{"embeddable":true,"href":"https:\/\/thanhlongtruongson.com\/vi\/wp-json\/wp\/v2\/comments?post=397"}],"version-history":[{"count":64,"href":"https:\/\/thanhlongtruongson.com\/vi\/wp-json\/wp\/v2\/pages\/397\/revisions"}],"predecessor-version":[{"id":1828,"href":"https:\/\/thanhlongtruongson.com\/vi\/wp-json\/wp\/v2\/pages\/397\/revisions\/1828"}],"wp:featuredmedia":[{"embeddable":true,"href":"https:\/\/thanhlongtruongson.com\/vi\/wp-json\/wp\/v2\/media\/1512"}],"wp:attachment":[{"href":"https:\/\/thanhlongtruongson.com\/vi\/wp-json\/wp\/v2\/media?parent=397"}],"curies":[{"name":"wp","href":"https:\/\/api.w.org\/{rel}","templated":true}]}}