{"id":403,"date":"2018-08-03T13:46:56","date_gmt":"2018-08-03T11:46:56","guid":{"rendered":"https:\/\/thanhlongtruongson.com\/?page_id=403"},"modified":"2024-08-11T08:20:55","modified_gmt":"2024-08-11T06:20:55","slug":"mot-du-maitre","status":"publish","type":"page","link":"https:\/\/thanhlongtruongson.com\/vi\/blog\/mot-du-maitre","title":{"rendered":"L\u1eddi L\u00e3o S\u01b0"},"content":{"rendered":"<div class=\"container-md\">\n<h2>L\u1eddi L\u00e3o S\u01b0<\/h2>\n<p><strong>03\/08\/2018<\/strong><\/p>\n<p>&nbsp;<\/p>\n<p><em>Th\u00e2n ch\u00e0o to\u00e0n th\u1ec3,<\/em><\/p>\n<p>&nbsp;<\/p>\n<p><em>V\u1edbi trang web m\u1edbi, tr\u01b0\u1eddng ch\u00fang ta, tr\u01b0\u1eddng c\u1ee7a c\u00e1c b\u1ea1n, \u0111\u01b0\u1ee3c mang m\u1ed9t di\u1ec7n m\u1ea1o m\u1edbi: thu\u1eadn ti\u1ec7n \u0111\u1ec3 s\u1eed d\u1ee5ng v\u00e0 truy c\u1eadp t\u1ea5t c\u1ea3 c\u00e1c ho\u1ea1t \u0111\u1ed9ng c\u1ee7a tr\u01b0\u1eddng, trong \u0111\u00f3 m\u1ed9t s\u1ed1 c\u00f3 th\u1ec3 \u0111\u01b0\u1ee3c xem b\u1eb1ng video online.<\/em><\/p>\n<p><em>V\u00f5 \u0111\u01b0\u1eddng Thanh Long Tr\u01b0\u1eddng S\u01a1n mong mu\u1ed1n \u0111\u01b0\u1ee3c c\u1ea3i ti\u1ebfn v\u1ec1 m\u1eb7t truy\u1ec1n th\u00f4ng \u0111\u1ec3 ph\u1ee5c v\u1ee5 cho l\u1ee3i \u00edch c\u1ee7a t\u1ea5t c\u1ea3 m\u1ecdi ng\u01b0\u1eddi.<\/em><\/p>\n<p><em>Xin g\u1eedi l\u1eddi c\u1ea3m \u01a1n ch\u00e2n th\u00e0nh \u0111\u1ebfn \u0111\u1ed9i ng\u0169 web, Raymond, Pierre-Philippe, Clara, Hoan v\u00e0 Camille \u0111\u00e3 \u0111\u00f3ng g\u00f3p s\u1ef1 nhi\u1ec7t t\u00ecnh v\u00e0 n\u0103ng l\u1ef1c v\u00e0o qu\u00e1 tr\u00ecnh n\u00e2ng c\u1ea5p trang web. \u0110\u1ed9i ng\u0169 web \u0111ang n\u1ed7 l\u1ef1c \u0111\u1ec3 mang \u0111\u1ebfn th\u00eam c\u00e1c t\u00ednh n\u0103ng m\u1edbi trong c\u00e1c phi\u00ean b\u1ea3n sau c\u1ee7a trang web.<\/em><\/p>\n<p><em>Vi\u1ec7c ra m\u1eaft trang web m\u1edbi c\u1ee7a tr\u01b0\u1eddng di\u1ec5n ra v\u00e0o th\u1eddi \u0111i\u1ec3m th\u00edch h\u1ee3p b\u1edfi v\u00ec ch\u00fang ta \u0111ang ti\u1ebfp c\u1eadn c\u00e1c \u1ee9ng d\u1ee5ng hi\u1ec7n \u0111\u1ea1i song song v\u1edbi vi\u1ec7c b\u1ea3o d\u01b0\u1ee1ng c\u00e1c gi\u00e1 tr\u1ecb v\u00e0 tinh th\u1ea7n truy\u1ec1n th\u1ed1ng c\u1ee7a tr\u01b0\u1eddng ph\u00e1i n\u00e0y, nh\u1eefng \u0111i\u1ec1u m\u00e0 t\u00f4i l\u00e0 ng\u01b0\u1eddi b\u1ea3o h\u1ed9. C\u00f4ng vi\u1ec7c n\u00e0y kh\u00f4ng ph\u1ea3i l\u00fac n\u00e0o c\u0169ng d\u1ec5 d\u00e0ng nh\u01b0ng t\u00f4i ch\u1eafc r\u1eb1ng m\u00ecnh s\u1ebd l\u00e0m t\u1ed1t.<\/em><\/p>\n<p><em>\u0110\u00e2y c\u0169ng l\u00e0 ngh\u0129a v\u1ee5 c\u1ee7a c\u00e1c b\u1ea1n \u0111\u1ec3 gi\u00fap cho trang web ph\u00e1t tri\u1ec3n v\u1eefng m\u1ea1nh, nh\u1edd \u0111\u00f3 gi\u00fap \u00edch cho c\u00e0ng nhi\u1ec1u ng\u01b0\u1eddi c\u00e0ng t\u1ed1t.<\/em><\/p>\n<p><em>Cho n\u00ean xin huy \u0111\u1ed9ng nhi\u1ec7t huy\u1ebft c\u1ee7a to\u00e0n th\u1ec3 v\u00f5 \u0111\u01b0\u1eddng Thanh Long Tr\u01b0\u1eddng S\u01a1n!<\/em><\/p>\n<p>&nbsp;<\/p>\n<p><em>L\u00e3o S\u01b0 D\u00e2n Vi\u1ec7t<\/em><\/p>\n<\/div>","protected":false},"excerpt":{"rendered":"<p>L\u1eddi L\u00e3o S\u01b0 03\/08\/2018 &nbsp; Th\u00e2n ch\u00e0o to\u00e0n th\u1ec3, &nbsp; V\u1edbi trang web m\u1edbi, tr\u01b0\u1eddng ch\u00fang ta, tr\u01b0\u1eddng c\u1ee7a c\u00e1c b\u1ea1n, \u0111\u01b0\u1ee3c mang m\u1ed9t di\u1ec7n m\u1ea1o m\u1edbi: thu\u1eadn ti\u1ec7n \u0111\u1ec3 s\u1eed d\u1ee5ng v\u00e0 truy c\u1eadp t\u1ea5t c\u1ea3 c\u00e1c ho\u1ea1t \u0111\u1ed9ng &hellip; <a href=\"https:\/\/thanhlongtruongson.com\/vi\/blog\/mot-du-maitre\">Continued<\/a><\/p>\n","protected":false},"author":1,"featured_media":1521,"parent":84,"menu_order":1,"comment_status":"closed","ping_status":"closed","template":"page-feature.php","meta":{"_monsterinsights_skip_tracking":false,"_monsterinsights_sitenote_active":false,"_monsterinsights_sitenote_note":"","_monsterinsights_sitenote_category":0,"footnotes":""},"class_list":["post-403","page","type-page","status-publish","has-post-thumbnail","hentry"],"_links":{"self":[{"href":"https:\/\/thanhlongtruongson.com\/vi\/wp-json\/wp\/v2\/pages\/403","targetHints":{"allow":["GET"]}}],"collection":[{"href":"https:\/\/thanhlongtruongson.com\/vi\/wp-json\/wp\/v2\/pages"}],"about":[{"href":"https:\/\/thanhlongtruongson.com\/vi\/wp-json\/wp\/v2\/types\/page"}],"author":[{"embeddable":true,"href":"https:\/\/thanhlongtruongson.com\/vi\/wp-json\/wp\/v2\/users\/1"}],"replies":[{"embeddable":true,"href":"https:\/\/thanhlongtruongson.com\/vi\/wp-json\/wp\/v2\/comments?post=403"}],"version-history":[{"count":14,"href":"https:\/\/thanhlongtruongson.com\/vi\/wp-json\/wp\/v2\/pages\/403\/revisions"}],"predecessor-version":[{"id":1796,"href":"https:\/\/thanhlongtruongson.com\/vi\/wp-json\/wp\/v2\/pages\/403\/revisions\/1796"}],"up":[{"embeddable":true,"href":"https:\/\/thanhlongtruongson.com\/vi\/wp-json\/wp\/v2\/pages\/84"}],"wp:featuredmedia":[{"embeddable":true,"href":"https:\/\/thanhlongtruongson.com\/vi\/wp-json\/wp\/v2\/media\/1521"}],"wp:attachment":[{"href":"https:\/\/thanhlongtruongson.com\/vi\/wp-json\/wp\/v2\/media?parent=403"}],"curies":[{"name":"wp","href":"https:\/\/api.w.org\/{rel}","templated":true}]}}