{"id":406,"date":"2017-09-06T13:47:40","date_gmt":"2017-09-06T11:47:40","guid":{"rendered":"https:\/\/thanhlongtruongson.com\/?page_id=406"},"modified":"2018-08-03T02:55:29","modified_gmt":"2018-08-03T00:55:29","slug":"liens","status":"publish","type":"page","link":"https:\/\/thanhlongtruongson.com\/vi\/liens","title":{"rendered":"Li\u00ean k\u1ebft"},"content":{"rendered":"<div class=\"container-md\">\n<h3>C\u00e1c v\u00f5 \u0111\u01b0\u1eddng<\/h3>\n<h4>Ch\u00e2u \u00c1<\/h4>\n<p><strong>Vi\u1ec7t Nam<\/strong><\/p>\n<p>H\u1ed3 Ch\u00ed Minh <a href=\"https:\/\/www.facebook.com\/Viet-Vo-Dao-Thanh-Long-Truong-Son-Phai-Ho-Chi-Minh-473054236202820\" target=\"_blank\" rel=\"noopener\">Facebook Page<\/a><\/p>\n<p>&nbsp;<\/p>\n<h4>Ch\u00e2u \u00c2u<\/h4>\n<p><strong>Ph\u00e1p<\/strong><\/p>\n<p>Aigrefeuille-d&#8217;Aunis <a href=\"https:\/\/www.facebook.com\/AAThanhLong\" target=\"_blank\" rel=\"noopener\">Facebook Page<\/a><\/p>\n<p>Argentre <a href=\"http:\/\/www.jeunesargentre.fr\" target=\"_blank\" rel=\"noopener\">www.jeunesargentre.fr<\/a> <a href=\"https:\/\/www.facebook.com\/JA-Viet-Vo-Dao-877800608988838\" target=\"_blank\" rel=\"noopener\">Facebook Page<\/a><\/p>\n<p>Charente <a href=\"http:\/\/vietvodao-charente.pagesperso-orange.fr\" target=\"_blank\" rel=\"noopener\">http:\/\/vietvodao-charente.pagesperso-orange.fr<\/a><\/p>\n<p>Cognac <a href=\"http:\/\/www.vietvodaotl-cognac.com\" target=\"_blank\" rel=\"noopener\">http:\/\/www.vietvodaotl-cognac.com<\/a><\/p>\n<p>Haute-Loire \u00a0<a href=\"https:\/\/www.vvd43.net\" target=\"_blank\" rel=\"noopener\">https:\/\/www.vvd43.net<\/a><\/p>\n<p>\u00cele de R\u00e9 <a href=\"http:\/\/vietvodaoiledere.com\" target=\"_blank\" rel=\"noopener\">http:\/\/vietvodaoiledere.com<\/a><\/p>\n<p>La Mure <a href=\"https:\/\/www.mvvd.org\" target=\"_blank\" rel=\"noopener\">https:\/\/www.mvvd.org<\/a><\/p>\n<p>La Rochelle <a href=\"http:\/\/www.vietvodao-larochelle.com\" target=\"_blank\" rel=\"noopener\">http:\/\/www.vietvodao-larochelle.com<\/a><\/p>\n<p>Le Puy <a href=\"http:\/\/www.vietvodao-lepuy.fr\" target=\"_blank\" rel=\"noopener\">http:\/\/www.vietvodao-lepuy.fr<\/a><\/p>\n<p>Limoges <a href=\"http:\/\/limoges.vietvodao.co.za\">http:\/\/limoges.vietvodao.co.za<\/a><\/p>\n<p>Marans <a href=\"https:\/\/www.facebook.com\/vietvodaoMarans\/\" target=\"_blank\" rel=\"noopener\">Facebook Page<\/a><\/p>\n<p>Pont-du-Ch\u00e2teau <a href=\"http:\/\/www.ecolecastelartsmartiaux.fr\" target=\"_blank\" rel=\"noopener\">http:\/\/www.ecolecastelartsmartiaux.fr<\/a><\/p>\n<p>Saint-\u00c9tienne <a href=\"http:\/\/vietvodao-saint-etienne.eklablog.com\/\" target=\"_blank\" rel=\"noopener\">http:\/\/vietvodao-saint-etienne.eklablog.com<\/a><\/p>\n<p>&nbsp;<\/p>\n<p><b>T\u1ec9nh v\u00e0 L\u00e3nh th\u1ed5 H\u1ea3i ngo\u1ea1i thu\u1ed9c Ph\u00e1p<\/b><\/p>\n<\/div>\n<p>Martinique <a href=\"http:\/\/thanhlong972.blogspot.com\" target=\"_blank\" rel=\"noopener\">http:\/\/thanhlong972.blogspot.com<\/a>","protected":false},"excerpt":{"rendered":"<p>C\u00e1c v\u00f5 \u0111\u01b0\u1eddng Ch\u00e2u \u00c1 Vi\u1ec7t Nam H\u1ed3 Ch\u00ed Minh Facebook Page &nbsp; Ch\u00e2u \u00c2u Ph\u00e1p Aigrefeuille-d&#8217;Aunis Facebook Page Argentre www.jeunesargentre.fr Facebook Page Charente http:\/\/vietvodao-charente.pagesperso-orange.fr Cognac http:\/\/www.vietvodaotl-cognac.com Haute-Loire \u00a0https:\/\/www.vvd43.net \u00cele de R\u00e9 http:\/\/vietvodaoiledere.com La Mure https:\/\/www.mvvd.org La Rochelle http:\/\/www.vietvodao-larochelle.com Le &hellip; <a href=\"https:\/\/thanhlongtruongson.com\/vi\/liens\">Continued<\/a><\/p>\n","protected":false},"author":1,"featured_media":0,"parent":0,"menu_order":0,"comment_status":"closed","ping_status":"closed","template":"page-fullwidth.php","meta":{"_monsterinsights_skip_tracking":false,"_monsterinsights_sitenote_active":false,"_monsterinsights_sitenote_note":"","_monsterinsights_sitenote_category":0,"footnotes":""},"class_list":["post-406","page","type-page","status-publish","hentry"],"_links":{"self":[{"href":"https:\/\/thanhlongtruongson.com\/vi\/wp-json\/wp\/v2\/pages\/406","targetHints":{"allow":["GET"]}}],"collection":[{"href":"https:\/\/thanhlongtruongson.com\/vi\/wp-json\/wp\/v2\/pages"}],"about":[{"href":"https:\/\/thanhlongtruongson.com\/vi\/wp-json\/wp\/v2\/types\/page"}],"author":[{"embeddable":true,"href":"https:\/\/thanhlongtruongson.com\/vi\/wp-json\/wp\/v2\/users\/1"}],"replies":[{"embeddable":true,"href":"https:\/\/thanhlongtruongson.com\/vi\/wp-json\/wp\/v2\/comments?post=406"}],"version-history":[{"count":12,"href":"https:\/\/thanhlongtruongson.com\/vi\/wp-json\/wp\/v2\/pages\/406\/revisions"}],"predecessor-version":[{"id":1366,"href":"https:\/\/thanhlongtruongson.com\/vi\/wp-json\/wp\/v2\/pages\/406\/revisions\/1366"}],"wp:attachment":[{"href":"https:\/\/thanhlongtruongson.com\/vi\/wp-json\/wp\/v2\/media?parent=406"}],"curies":[{"name":"wp","href":"https:\/\/api.w.org\/{rel}","templated":true}]}}