{"id":460,"date":"2017-09-07T20:54:59","date_gmt":"2017-09-07T18:54:59","guid":{"rendered":"https:\/\/thanhlongtruongson.com\/?page_id=460"},"modified":"2020-02-06T07:43:45","modified_gmt":"2020-02-06T06:43:45","slug":"videos","status":"publish","type":"page","link":"https:\/\/thanhlongtruongson.com\/vi\/media\/videos","title":{"rendered":"Video"},"content":{"rendered":"<p style=\"text-align: center;\"><iframe src=\"https:\/\/www.youtube.com\/embed\/OilwWRwDcck\" width=\"640\" height=\"385\" frameborder=\"0\" allowfullscreen=\"allowfullscreen\"><\/iframe><\/p>\n<h3 style=\"text-align: center;\">Bi\u1ec3u di\u1ec5n M\u00faa L\u00e2n T\u1ebft 2020<\/h3>\n<p style=\"text-align: center;\"><span style=\"color: #808080;\">2020-01-26<\/span><\/p>\n<p style=\"text-align: center;\">T\u1eadp hu\u1ea5n Kh\u00ed \u0110\u1ea1o ng\u00e0y 26\/01\/2020. t\u1ea1i Ceyrat, France<\/p>\n<hr \/>\n<p style=\"text-align: center;\"><iframe src=\"https:\/\/www.youtube.com\/embed\/EkjEH5fXqJo\" width=\"640\" height=\"385\" frameborder=\"0\" allowfullscreen=\"allowfullscreen\"><\/iframe><\/p>\n<h3 style=\"text-align: center;\">Bi\u1ec3u di\u1ec5n M\u00faa L\u00e2n<\/h3>\n<p style=\"text-align: center;\"><span style=\"color: #808080;\">2018-10-20<\/span><\/p>\n<p style=\"text-align: center;\">T\u1eadp hu\u1ea5n ng\u00e0y 20 v\u00e0 21 th\u00e1ng 10, 2018 t\u1ea1i Saint-\u00c9tienne, Ph\u00e1p<\/p>\n<hr \/>\n<p>&nbsp;","protected":false},"excerpt":{"rendered":"<p>Bi\u1ec3u di\u1ec5n M\u00faa L\u00e2n T\u1ebft 2020 2020-01-26 T\u1eadp hu\u1ea5n Kh\u00ed \u0110\u1ea1o ng\u00e0y 26\/01\/2020. t\u1ea1i Ceyrat, France Bi\u1ec3u di\u1ec5n M\u00faa L\u00e2n 2018-10-20 T\u1eadp hu\u1ea5n ng\u00e0y 20 v\u00e0 21 th\u00e1ng 10, 2018 t\u1ea1i Saint-\u00c9tienne, Ph\u00e1p &nbsp;<\/p>\n","protected":false},"author":1,"featured_media":0,"parent":455,"menu_order":0,"comment_status":"closed","ping_status":"closed","template":"page-fullwidth.php","meta":{"_monsterinsights_skip_tracking":false,"_monsterinsights_sitenote_active":false,"_monsterinsights_sitenote_note":"","_monsterinsights_sitenote_category":0,"footnotes":""},"class_list":["post-460","page","type-page","status-publish","hentry"],"_links":{"self":[{"href":"https:\/\/thanhlongtruongson.com\/vi\/wp-json\/wp\/v2\/pages\/460","targetHints":{"allow":["GET"]}}],"collection":[{"href":"https:\/\/thanhlongtruongson.com\/vi\/wp-json\/wp\/v2\/pages"}],"about":[{"href":"https:\/\/thanhlongtruongson.com\/vi\/wp-json\/wp\/v2\/types\/page"}],"author":[{"embeddable":true,"href":"https:\/\/thanhlongtruongson.com\/vi\/wp-json\/wp\/v2\/users\/1"}],"replies":[{"embeddable":true,"href":"https:\/\/thanhlongtruongson.com\/vi\/wp-json\/wp\/v2\/comments?post=460"}],"version-history":[{"count":18,"href":"https:\/\/thanhlongtruongson.com\/vi\/wp-json\/wp\/v2\/pages\/460\/revisions"}],"predecessor-version":[{"id":1570,"href":"https:\/\/thanhlongtruongson.com\/vi\/wp-json\/wp\/v2\/pages\/460\/revisions\/1570"}],"up":[{"embeddable":true,"href":"https:\/\/thanhlongtruongson.com\/vi\/wp-json\/wp\/v2\/pages\/455"}],"wp:attachment":[{"href":"https:\/\/thanhlongtruongson.com\/vi\/wp-json\/wp\/v2\/media?parent=460"}],"curies":[{"name":"wp","href":"https:\/\/api.w.org\/{rel}","templated":true}]}}